{"id":1509,"date":"2023-02-03T10:32:27","date_gmt":"2023-02-03T09:32:27","guid":{"rendered":"https:\/\/donfosscamping.no\/?page_id=1509"},"modified":"2025-11-10T07:54:45","modified_gmt":"2025-11-10T06:54:45","slug":"donfoss-camping-frontpage","status":"publish","type":"page","link":"https:\/\/donfosscamping.no\/en\/","title":{"rendered":"D\u00f8nfoss Camping &#8211; frontpage"},"content":{"rendered":"\n<h1 class=\"wp-block-heading has-text-align-center\">Welcome to D\u00f8nfoss camping<\/h1>\n\n\n\n<div class=\"wp-block-buttons is-content-justification-center is-layout-flex wp-container-core-buttons-is-layout-16018d1d wp-block-buttons-is-layout-flex\">\n<div class=\"wp-block-button\"><a class=\"wp-block-button__link has-text-align-center wp-element-button\" href=\"https:\/\/donfosscamping.no\/en\/contact-us\/\">Book your stay<\/a><\/div>\n<\/div>\n\n\n\n<div style=\"height:16px\" aria-hidden=\"true\" class=\"wp-block-spacer\"><\/div>\n\n\n\n<div class=\"wp-block-columns alignwide is-layout-flex wp-container-core-columns-is-layout-9d6595d7 wp-block-columns-is-layout-flex\">\n<div class=\"wp-block-column is-layout-flow wp-block-column-is-layout-flow\">\n<figure class=\"wp-block-image size-large\"><img loading=\"lazy\" decoding=\"async\" width=\"1334\" height=\"1334\" src=\"https:\/\/donfosscamping.no\/wp-content\/uploads\/2023\/03\/T9A1146-edited.jpg\" alt=\"Teltoppstilling ved tjern p\u00e5 D\u00f8nfoss camping.\" class=\"wp-image-410\" srcset=\"https:\/\/donfosscamping.no\/wp-content\/uploads\/2023\/03\/T9A1146-edited.jpg 1334w, https:\/\/donfosscamping.no\/wp-content\/uploads\/2023\/03\/T9A1146-edited-300x300.jpg 300w, https:\/\/donfosscamping.no\/wp-content\/uploads\/2023\/03\/T9A1146-edited-1024x1024.jpg 1024w, https:\/\/donfosscamping.no\/wp-content\/uploads\/2023\/03\/T9A1146-edited-150x150.jpg 150w, https:\/\/donfosscamping.no\/wp-content\/uploads\/2023\/03\/T9A1146-edited-768x768.jpg 768w, https:\/\/donfosscamping.no\/wp-content\/uploads\/2023\/03\/T9A1146-edited-500x500.jpg 500w, https:\/\/donfosscamping.no\/wp-content\/uploads\/2023\/03\/T9A1146-edited-555x555.jpg 555w, https:\/\/donfosscamping.no\/wp-content\/uploads\/2023\/03\/T9A1146-edited-581x581.jpg 581w\" sizes=\"auto, (max-width: 1334px) 100vw, 1334px\" \/><\/figure>\n\n\n\n<div style=\"height:20px\" aria-hidden=\"true\" class=\"wp-block-spacer\"><\/div>\n\n\n\n<h2 class=\"wp-block-heading\">CAMPING<\/h2>\n\n\n\n<div style=\"height:19px\" aria-hidden=\"true\" class=\"wp-block-spacer\"><\/div>\n\n\n\n<p>We have 60 pitches available for motorhomes\/caravans, some along the waterfall with spectacular views, some with large lawns and some closer to the playground\/sanitary facilities.<\/p>\n\n\n\n<p>There are several camping areas along the river and waterfall. Additionally, we have one area near a pond a bit away from the river.<\/p>\n\n\n\n<div class=\"wp-block-buttons is-layout-flex wp-block-buttons-is-layout-flex\">\n<div class=\"wp-block-button\"><a class=\"wp-block-button__link wp-element-button\" href=\"https:\/\/donfosscamping.no\/en\/accommodation\/camping\/\">Camping<\/a><\/div>\n<\/div>\n\n\n\n<div style=\"height:19px\" aria-hidden=\"true\" class=\"wp-block-spacer\"><\/div>\n<\/div>\n\n\n\n<div class=\"wp-block-column is-layout-flow wp-block-column-is-layout-flow\">\n<figure class=\"wp-block-image size-large\"><img loading=\"lazy\" decoding=\"async\" width=\"1334\" height=\"1334\" src=\"https:\/\/donfosscamping.no\/wp-content\/uploads\/2023\/03\/T9A1044-edited.jpg\" alt=\"Utleiehytte i tradisjonell stil med lafta utem\u00f8bler og gress p\u00e5 taket.\" class=\"wp-image-499\" srcset=\"https:\/\/donfosscamping.no\/wp-content\/uploads\/2023\/03\/T9A1044-edited.jpg 1334w, https:\/\/donfosscamping.no\/wp-content\/uploads\/2023\/03\/T9A1044-edited-300x300.jpg 300w, https:\/\/donfosscamping.no\/wp-content\/uploads\/2023\/03\/T9A1044-edited-1024x1024.jpg 1024w, https:\/\/donfosscamping.no\/wp-content\/uploads\/2023\/03\/T9A1044-edited-150x150.jpg 150w, https:\/\/donfosscamping.no\/wp-content\/uploads\/2023\/03\/T9A1044-edited-768x768.jpg 768w, https:\/\/donfosscamping.no\/wp-content\/uploads\/2023\/03\/T9A1044-edited-500x500.jpg 500w, https:\/\/donfosscamping.no\/wp-content\/uploads\/2023\/03\/T9A1044-edited-555x555.jpg 555w, https:\/\/donfosscamping.no\/wp-content\/uploads\/2023\/03\/T9A1044-edited-581x581.jpg 581w\" sizes=\"auto, (max-width: 1334px) 100vw, 1334px\" \/><\/figure>\n\n\n\n<div style=\"height:20px\" aria-hidden=\"true\" class=\"wp-block-spacer\"><\/div>\n\n\n\n<h2 class=\"wp-block-heading\">CABINS AND APARTMENTS<\/h2>\n\n\n\n<div style=\"height:19px\" aria-hidden=\"true\" class=\"wp-block-spacer\"><\/div>\n\n\n\n<p>We have 14 newly renovated cabins built in traditional Norwegian log style with turf roofs, as well as 5 apartments. All of them provide the comfort you need for a pleasant stay.<br><\/p>\n\n\n\n<p>Learn more about our <strong><a href=\"https:\/\/donfosscamping.no\/en\/accommodation\/cabins\/\">cabins<\/a><\/strong> and <strong><a href=\"https:\/\/donfosscamping.no\/en\/accommodation\/apartments\/\">apartments<\/a><\/strong>.<\/p>\n<\/div>\n\n\n\n<div class=\"wp-block-column is-layout-flow wp-block-column-is-layout-flow\">\n<figure class=\"wp-block-image size-large\"><img loading=\"lazy\" decoding=\"async\" width=\"1334\" height=\"1334\" src=\"https:\/\/donfosscamping.no\/wp-content\/uploads\/2023\/03\/T9A1334-edited.jpg\" alt=\"Servit\u00f8r med matservering i restauranten.\" class=\"wp-image-414\" srcset=\"https:\/\/donfosscamping.no\/wp-content\/uploads\/2023\/03\/T9A1334-edited.jpg 1334w, https:\/\/donfosscamping.no\/wp-content\/uploads\/2023\/03\/T9A1334-edited-300x300.jpg 300w, https:\/\/donfosscamping.no\/wp-content\/uploads\/2023\/03\/T9A1334-edited-1024x1024.jpg 1024w, https:\/\/donfosscamping.no\/wp-content\/uploads\/2023\/03\/T9A1334-edited-150x150.jpg 150w, https:\/\/donfosscamping.no\/wp-content\/uploads\/2023\/03\/T9A1334-edited-768x768.jpg 768w, https:\/\/donfosscamping.no\/wp-content\/uploads\/2023\/03\/T9A1334-edited-500x500.jpg 500w, https:\/\/donfosscamping.no\/wp-content\/uploads\/2023\/03\/T9A1334-edited-555x555.jpg 555w, https:\/\/donfosscamping.no\/wp-content\/uploads\/2023\/03\/T9A1334-edited-581x581.jpg 581w\" sizes=\"auto, (max-width: 1334px) 100vw, 1334px\" \/><\/figure>\n\n\n\n<div style=\"height:20px\" aria-hidden=\"true\" class=\"wp-block-spacer\"><\/div>\n\n\n\n<h2 class=\"wp-block-heading\">RESTAURANT<\/h2>\n\n\n\n<div style=\"height:19px\" aria-hidden=\"true\" class=\"wp-block-spacer\"><\/div>\n\n\n\n<p>We have a large restaurant building connected to the reception and swimming pool. Here, you will have ample space to enjoy both the magnificent nature with views of beautiful mountain areas and valleys, as well as our famous pizza or any other delicious dish paired with great drinks.<\/p>\n\n\n\n<div style=\"height:19px\" aria-hidden=\"true\" class=\"wp-block-spacer\"><\/div>\n\n\n\n<div class=\"wp-block-buttons is-layout-flex wp-block-buttons-is-layout-flex\">\n<div class=\"wp-block-button\"><a class=\"wp-block-button__link wp-element-button\" href=\"https:\/\/donfosscamping.no\/en\/restaurant\/\">See menu<\/a><\/div>\n<\/div>\n<\/div>\n<\/div>\n\n\n\n<div style=\"height:31px\" aria-hidden=\"true\" class=\"wp-block-spacer\"><\/div>\n\n\n\n<div class=\"wp-block-media-text alignfull has-media-on-the-right is-stacked-on-mobile is-vertically-aligned-top has-black-color has-text-color has-background has-link-color wp-elements-c45c2c5e4ec80d0a2af959f1e98903ab\" style=\"background:linear-gradient(135deg,rgb(175,211,209) 0%,rgb(175,211,209) 100%);grid-template-columns:auto 60%\"><div class=\"wp-block-media-text__content\">\n<div class=\"wp-block-group has-link-color wp-elements-e8660fd272bed38a8b441c91e6c2156b\" style=\"padding-top:2em;padding-right:2em;padding-bottom:2em;padding-left:2em\"><div class=\"wp-block-group__inner-container is-layout-flow wp-block-group-is-layout-flow\">\n<div style=\"height:46px\" aria-hidden=\"true\" class=\"wp-block-spacer\"><\/div>\n\n\n\n<h2 class=\"wp-block-heading has-black-color has-text-color\" style=\"font-size:48px;font-style:normal;font-weight:200;line-height:1.15\">EXPERIENCES FOR ALL AGES<\/h2>\n\n\n\n<div style=\"height:46px\" aria-hidden=\"true\" class=\"wp-block-spacer\"><\/div>\n\n\n\n<p class=\"has-black-color has-text-color has-link-color wp-elements-43e7a8c76ac8758759cf8c6061f13056\">D\u00f8nfoss Camping is situated by the mighty D\u00f8nfoss river in the picturesque municipality of Skj\u00e5k. With modern comfort and plenty of exciting activities in close proximity, it offers something for everyone, both young and old.<\/p>\n\n\n\n<div style=\"height:19px\" aria-hidden=\"true\" class=\"wp-block-spacer\"><\/div>\n\n\n\n<div class=\"wp-block-buttons is-layout-flex wp-block-buttons-is-layout-flex\">\n<div class=\"wp-block-button\"><a class=\"wp-block-button__link wp-element-button\" href=\"https:\/\/donfosscamping.no\/en\/activities\/\">Activities<\/a><\/div>\n<\/div>\n<\/div><\/div>\n<\/div><figure class=\"wp-block-media-text__media\"><img loading=\"lazy\" decoding=\"async\" width=\"1024\" height=\"683\" src=\"https:\/\/donfosscamping.no\/wp-content\/uploads\/2023\/03\/T9A1377-1024x683.jpg\" alt=\"Campinggjest som koser seg med utsikt over D\u00f8nfossen som bukter seg forbi campingplassen.\" class=\"wp-image-313 size-full\" srcset=\"https:\/\/donfosscamping.no\/wp-content\/uploads\/2023\/03\/T9A1377-1024x683.jpg 1024w, https:\/\/donfosscamping.no\/wp-content\/uploads\/2023\/03\/T9A1377-300x200.jpg 300w, https:\/\/donfosscamping.no\/wp-content\/uploads\/2023\/03\/T9A1377-768x512.jpg 768w, https:\/\/donfosscamping.no\/wp-content\/uploads\/2023\/03\/T9A1377-1536x1025.jpg 1536w, https:\/\/donfosscamping.no\/wp-content\/uploads\/2023\/03\/T9A1377-500x334.jpg 500w, https:\/\/donfosscamping.no\/wp-content\/uploads\/2023\/03\/T9A1377.jpg 2000w\" sizes=\"auto, (max-width: 1024px) 100vw, 1024px\" \/><\/figure><\/div>\n\n\n\n<div style=\"height:71px\" aria-hidden=\"true\" class=\"wp-block-spacer\"><\/div>\n\n\n\n<div class=\"wp-block-media-text alignwide is-stacked-on-mobile is-vertically-aligned-top\" style=\"grid-template-columns:51% auto\"><figure class=\"wp-block-media-text__media\"><img loading=\"lazy\" decoding=\"async\" width=\"1024\" height=\"683\" src=\"https:\/\/donfosscamping.no\/wp-content\/uploads\/2023\/03\/T9A1271-1024x683.jpg\" alt=\"Uteareal med badebasseng og folk som bader og koser seg i sola p\u00e5 svaberget.\" class=\"wp-image-271 size-full\" srcset=\"https:\/\/donfosscamping.no\/wp-content\/uploads\/2023\/03\/T9A1271-1024x683.jpg 1024w, https:\/\/donfosscamping.no\/wp-content\/uploads\/2023\/03\/T9A1271-300x200.jpg 300w, https:\/\/donfosscamping.no\/wp-content\/uploads\/2023\/03\/T9A1271-768x512.jpg 768w, https:\/\/donfosscamping.no\/wp-content\/uploads\/2023\/03\/T9A1271-1536x1025.jpg 1536w, https:\/\/donfosscamping.no\/wp-content\/uploads\/2023\/03\/T9A1271-500x334.jpg 500w, https:\/\/donfosscamping.no\/wp-content\/uploads\/2023\/03\/T9A1271.jpg 2000w\" sizes=\"auto, (max-width: 1024px) 100vw, 1024px\" \/><\/figure><div class=\"wp-block-media-text__content\">\n<h2 class=\"wp-block-heading\">FACILITIES<\/h2>\n\n\n\n<p>We have a large swimming pool built into the rock, with a separate children&#8217;s pool. Here, you can swim in heated glacier water coming from the waterfall outside. <br><br>Openinghours swimmingpool 10.00-19.30.<br>Open between midle of June- end of August.<\/p>\n\n\n\n<p>There are 3 playgrounds with trampolines and other play equipment.<\/p>\n\n\n\n<p>There are four 22 kW charging stations for electric vehicles on the site.<\/p>\n\n\n\n<p>From D\u00f8nfoss, you can embark on numerous hikes through forests, along canyons, rivers, and mountains.<\/p>\n\n\n\n<div class=\"wp-block-buttons is-layout-flex wp-block-buttons-is-layout-flex\">\n<div class=\"wp-block-button\"><a class=\"wp-block-button__link wp-element-button\" href=\"https:\/\/donfosscamping.no\/en\/about-us\/facilities\/\">FACILITIES<\/a><\/div>\n<\/div>\n\n\n\n<p><\/p>\n\n\n\n<p><\/p>\n<\/div><\/div>\n\n\n\n<div style=\"height:45px\" aria-hidden=\"true\" class=\"wp-block-spacer\"><\/div>\n","protected":false},"excerpt":{"rendered":"<p>Welcome to D\u00f8nfoss camping CAMPING We have 60 pitches available for motorhomes\/caravans, some along the waterfall with spectacular views, some &#8230;<\/p>\n","protected":false},"author":1,"featured_media":0,"parent":0,"menu_order":0,"comment_status":"closed","ping_status":"closed","template":"","meta":{"_acf_changed":false,"inline_featured_image":false,"_uag_custom_page_level_css":"","footnotes":""},"class_list":["post-1509","page","type-page","status-publish","hentry"],"acf":[],"yoast_head":"<!-- This site is optimized with the Yoast SEO plugin v27.3 - https:\/\/yoast.com\/product\/yoast-seo-wordpress\/ -->\n<title>D\u00f8nfoss Camping - frontpage - D\u00f8nfoss Camping<\/title>\n<meta name=\"robots\" content=\"index, follow, max-snippet:-1, max-image-preview:large, max-video-preview:-1\" \/>\n<link rel=\"canonical\" href=\"https:\/\/donfosscamping.no\/en\/\" \/>\n<meta property=\"og:locale\" content=\"en_US\" \/>\n<meta property=\"og:type\" content=\"article\" \/>\n<meta property=\"og:title\" content=\"D\u00f8nfoss Camping - frontpage - D\u00f8nfoss Camping\" \/>\n<meta property=\"og:description\" content=\"Welcome to D\u00f8nfoss camping CAMPING We have 60 pitches available for motorhomes\/caravans, some along the waterfall with spectacular views, some ...\" \/>\n<meta property=\"og:url\" content=\"https:\/\/donfosscamping.no\/en\/\" \/>\n<meta property=\"og:site_name\" content=\"D\u00f8nfoss Camping\" \/>\n<meta property=\"article:modified_time\" content=\"2025-11-10T06:54:45+00:00\" \/>\n<meta property=\"og:image\" content=\"https:\/\/donfosscamping.no\/wp-content\/uploads\/2023\/03\/T9A1146-edited.jpg\" \/>\n\t<meta property=\"og:image:width\" content=\"1334\" \/>\n\t<meta property=\"og:image:height\" content=\"1334\" \/>\n\t<meta property=\"og:image:type\" content=\"image\/jpeg\" \/>\n<meta name=\"twitter:card\" content=\"summary_large_image\" \/>\n<meta name=\"twitter:label1\" content=\"Est. reading time\" \/>\n\t<meta name=\"twitter:data1\" content=\"3 minutes\" \/>\n<script type=\"application\/ld+json\" class=\"yoast-schema-graph\">{\"@context\":\"https:\\\/\\\/schema.org\",\"@graph\":[{\"@type\":\"WebPage\",\"@id\":\"https:\\\/\\\/donfosscamping.no\\\/en\\\/\",\"url\":\"https:\\\/\\\/donfosscamping.no\\\/en\\\/\",\"name\":\"D\u00f8nfoss Camping - frontpage - D\u00f8nfoss Camping\",\"isPartOf\":{\"@id\":\"https:\\\/\\\/donfosscamping.no\\\/#website\"},\"primaryImageOfPage\":{\"@id\":\"https:\\\/\\\/donfosscamping.no\\\/en\\\/#primaryimage\"},\"image\":{\"@id\":\"https:\\\/\\\/donfosscamping.no\\\/en\\\/#primaryimage\"},\"thumbnailUrl\":\"https:\\\/\\\/donfosscamping.no\\\/wp-content\\\/uploads\\\/2023\\\/03\\\/T9A1146-edited.jpg\",\"datePublished\":\"2023-02-03T09:32:27+00:00\",\"dateModified\":\"2025-11-10T06:54:45+00:00\",\"breadcrumb\":{\"@id\":\"https:\\\/\\\/donfosscamping.no\\\/en\\\/#breadcrumb\"},\"inLanguage\":\"en-US\",\"potentialAction\":[{\"@type\":\"ReadAction\",\"target\":[\"https:\\\/\\\/donfosscamping.no\\\/en\\\/\"]}]},{\"@type\":\"ImageObject\",\"inLanguage\":\"en-US\",\"@id\":\"https:\\\/\\\/donfosscamping.no\\\/en\\\/#primaryimage\",\"url\":\"https:\\\/\\\/donfosscamping.no\\\/wp-content\\\/uploads\\\/2023\\\/03\\\/T9A1146-edited.jpg\",\"contentUrl\":\"https:\\\/\\\/donfosscamping.no\\\/wp-content\\\/uploads\\\/2023\\\/03\\\/T9A1146-edited.jpg\"},{\"@type\":\"BreadcrumbList\",\"@id\":\"https:\\\/\\\/donfosscamping.no\\\/en\\\/#breadcrumb\",\"itemListElement\":[{\"@type\":\"ListItem\",\"position\":1,\"name\":\"Hjem\",\"item\":\"https:\\\/\\\/donfosscamping.no\\\/en\\\/\"},{\"@type\":\"ListItem\",\"position\":2,\"name\":\"D\u00f8nfoss Camping &#8211; frontpage\"}]},{\"@type\":\"WebSite\",\"@id\":\"https:\\\/\\\/donfosscamping.no\\\/#website\",\"url\":\"https:\\\/\\\/donfosscamping.no\\\/\",\"name\":\"D\u00f8nfoss Camping\",\"description\":\"\",\"publisher\":{\"@id\":\"https:\\\/\\\/donfosscamping.no\\\/#organization\"},\"potentialAction\":[{\"@type\":\"SearchAction\",\"target\":{\"@type\":\"EntryPoint\",\"urlTemplate\":\"https:\\\/\\\/donfosscamping.no\\\/?s={search_term_string}\"},\"query-input\":{\"@type\":\"PropertyValueSpecification\",\"valueRequired\":true,\"valueName\":\"search_term_string\"}}],\"inLanguage\":\"en-US\"},{\"@type\":\"Organization\",\"@id\":\"https:\\\/\\\/donfosscamping.no\\\/#organization\",\"name\":\"D\u00f8nfoss Camping\",\"url\":\"https:\\\/\\\/donfosscamping.no\\\/\",\"logo\":{\"@type\":\"ImageObject\",\"inLanguage\":\"en-US\",\"@id\":\"https:\\\/\\\/donfosscamping.no\\\/#\\\/schema\\\/logo\\\/image\\\/\",\"url\":\"https:\\\/\\\/donfosscamping.no\\\/wp-content\\\/uploads\\\/2023\\\/02\\\/Donfoss-Camping-Logo_river.svg\",\"contentUrl\":\"https:\\\/\\\/donfosscamping.no\\\/wp-content\\\/uploads\\\/2023\\\/02\\\/Donfoss-Camping-Logo_river.svg\",\"caption\":\"D\u00f8nfoss Camping\"},\"image\":{\"@id\":\"https:\\\/\\\/donfosscamping.no\\\/#\\\/schema\\\/logo\\\/image\\\/\"}}]}<\/script>\n<!-- \/ Yoast SEO plugin. -->","yoast_head_json":{"title":"D\u00f8nfoss Camping - frontpage - D\u00f8nfoss Camping","robots":{"index":"index","follow":"follow","max-snippet":"max-snippet:-1","max-image-preview":"max-image-preview:large","max-video-preview":"max-video-preview:-1"},"canonical":"https:\/\/donfosscamping.no\/en\/","og_locale":"en_US","og_type":"article","og_title":"D\u00f8nfoss Camping - frontpage - D\u00f8nfoss Camping","og_description":"Welcome to D\u00f8nfoss camping CAMPING We have 60 pitches available for motorhomes\/caravans, some along the waterfall with spectacular views, some ...","og_url":"https:\/\/donfosscamping.no\/en\/","og_site_name":"D\u00f8nfoss Camping","article_modified_time":"2025-11-10T06:54:45+00:00","og_image":[{"width":1334,"height":1334,"url":"https:\/\/donfosscamping.no\/wp-content\/uploads\/2023\/03\/T9A1146-edited.jpg","type":"image\/jpeg"}],"twitter_card":"summary_large_image","twitter_misc":{"Est. reading time":"3 minutes"},"schema":{"@context":"https:\/\/schema.org","@graph":[{"@type":"WebPage","@id":"https:\/\/donfosscamping.no\/en\/","url":"https:\/\/donfosscamping.no\/en\/","name":"D\u00f8nfoss Camping - frontpage - D\u00f8nfoss Camping","isPartOf":{"@id":"https:\/\/donfosscamping.no\/#website"},"primaryImageOfPage":{"@id":"https:\/\/donfosscamping.no\/en\/#primaryimage"},"image":{"@id":"https:\/\/donfosscamping.no\/en\/#primaryimage"},"thumbnailUrl":"https:\/\/donfosscamping.no\/wp-content\/uploads\/2023\/03\/T9A1146-edited.jpg","datePublished":"2023-02-03T09:32:27+00:00","dateModified":"2025-11-10T06:54:45+00:00","breadcrumb":{"@id":"https:\/\/donfosscamping.no\/en\/#breadcrumb"},"inLanguage":"en-US","potentialAction":[{"@type":"ReadAction","target":["https:\/\/donfosscamping.no\/en\/"]}]},{"@type":"ImageObject","inLanguage":"en-US","@id":"https:\/\/donfosscamping.no\/en\/#primaryimage","url":"https:\/\/donfosscamping.no\/wp-content\/uploads\/2023\/03\/T9A1146-edited.jpg","contentUrl":"https:\/\/donfosscamping.no\/wp-content\/uploads\/2023\/03\/T9A1146-edited.jpg"},{"@type":"BreadcrumbList","@id":"https:\/\/donfosscamping.no\/en\/#breadcrumb","itemListElement":[{"@type":"ListItem","position":1,"name":"Hjem","item":"https:\/\/donfosscamping.no\/en\/"},{"@type":"ListItem","position":2,"name":"D\u00f8nfoss Camping &#8211; frontpage"}]},{"@type":"WebSite","@id":"https:\/\/donfosscamping.no\/#website","url":"https:\/\/donfosscamping.no\/","name":"D\u00f8nfoss Camping","description":"","publisher":{"@id":"https:\/\/donfosscamping.no\/#organization"},"potentialAction":[{"@type":"SearchAction","target":{"@type":"EntryPoint","urlTemplate":"https:\/\/donfosscamping.no\/?s={search_term_string}"},"query-input":{"@type":"PropertyValueSpecification","valueRequired":true,"valueName":"search_term_string"}}],"inLanguage":"en-US"},{"@type":"Organization","@id":"https:\/\/donfosscamping.no\/#organization","name":"D\u00f8nfoss Camping","url":"https:\/\/donfosscamping.no\/","logo":{"@type":"ImageObject","inLanguage":"en-US","@id":"https:\/\/donfosscamping.no\/#\/schema\/logo\/image\/","url":"https:\/\/donfosscamping.no\/wp-content\/uploads\/2023\/02\/Donfoss-Camping-Logo_river.svg","contentUrl":"https:\/\/donfosscamping.no\/wp-content\/uploads\/2023\/02\/Donfoss-Camping-Logo_river.svg","caption":"D\u00f8nfoss Camping"},"image":{"@id":"https:\/\/donfosscamping.no\/#\/schema\/logo\/image\/"}}]}},"uagb_featured_image_src":{"full":false,"thumbnail":false,"medium":false,"medium_large":false,"large":false,"1536x1536":false,"2048x2048":false,"logo":false,"main_banner":false,"main_banner_mobile":false,"header_image":false,"home_posts":false,"home_posts_square":false,"archive":false,"archive_square":false,"gform-image-choice-sm":false,"gform-image-choice-md":false,"gform-image-choice-lg":false},"uagb_author_info":{"display_name":"hausbyra","author_link":"https:\/\/donfosscamping.no\/en\/author\/hausbyra\/"},"uagb_comment_info":0,"uagb_excerpt":"Welcome to D\u00f8nfoss camping CAMPING We have 60 pitches available for motorhomes\/caravans, some along the waterfall with spectacular views, some ...","_links":{"self":[{"href":"https:\/\/donfosscamping.no\/en\/wp-json\/wp\/v2\/pages\/1509","targetHints":{"allow":["GET"]}}],"collection":[{"href":"https:\/\/donfosscamping.no\/en\/wp-json\/wp\/v2\/pages"}],"about":[{"href":"https:\/\/donfosscamping.no\/en\/wp-json\/wp\/v2\/types\/page"}],"author":[{"embeddable":true,"href":"https:\/\/donfosscamping.no\/en\/wp-json\/wp\/v2\/users\/1"}],"replies":[{"embeddable":true,"href":"https:\/\/donfosscamping.no\/en\/wp-json\/wp\/v2\/comments?post=1509"}],"version-history":[{"count":12,"href":"https:\/\/donfosscamping.no\/en\/wp-json\/wp\/v2\/pages\/1509\/revisions"}],"predecessor-version":[{"id":2334,"href":"https:\/\/donfosscamping.no\/en\/wp-json\/wp\/v2\/pages\/1509\/revisions\/2334"}],"wp:attachment":[{"href":"https:\/\/donfosscamping.no\/en\/wp-json\/wp\/v2\/media?parent=1509"}],"curies":[{"name":"wp","href":"https:\/\/api.w.org\/{rel}","templated":true}]}}