{"id":1511,"date":"2023-02-06T15:27:47","date_gmt":"2023-02-06T14:27:47","guid":{"rendered":"https:\/\/donfosscamping.no\/?page_id=1511"},"modified":"2026-02-13T09:59:27","modified_gmt":"2026-02-13T08:59:27","slug":"camping","status":"publish","type":"page","link":"https:\/\/donfosscamping.no\/en\/accommodation\/camping\/","title":{"rendered":"Camping"},"content":{"rendered":"\n<div class=\"wp-block-cover alignwide is-light\"><img loading=\"lazy\" decoding=\"async\" width=\"2000\" height=\"1334\" class=\"wp-block-cover__image-background wp-image-313\" alt=\"\" src=\"https:\/\/donfosscamping.no\/wp-content\/uploads\/2023\/03\/T9A1377.jpg\" style=\"object-position:56% 58%\" data-object-fit=\"cover\" data-object-position=\"56% 58%\" srcset=\"https:\/\/donfosscamping.no\/wp-content\/uploads\/2023\/03\/T9A1377.jpg 2000w, https:\/\/donfosscamping.no\/wp-content\/uploads\/2023\/03\/T9A1377-300x200.jpg 300w, https:\/\/donfosscamping.no\/wp-content\/uploads\/2023\/03\/T9A1377-1024x683.jpg 1024w, https:\/\/donfosscamping.no\/wp-content\/uploads\/2023\/03\/T9A1377-768x512.jpg 768w, https:\/\/donfosscamping.no\/wp-content\/uploads\/2023\/03\/T9A1377-1536x1025.jpg 1536w, https:\/\/donfosscamping.no\/wp-content\/uploads\/2023\/03\/T9A1377-500x334.jpg 500w\" sizes=\"auto, (max-width: 2000px) 100vw, 2000px\" \/><span aria-hidden=\"true\" class=\"wp-block-cover__background has-background-dim-10 has-background-dim\"><\/span><div class=\"wp-block-cover__inner-container is-layout-flow wp-block-cover-is-layout-flow\">\n<p class=\"has-text-align-center has-large-font-size\"><\/p>\n<\/div><\/div>\n\n\n\n<div style=\"height:42px\" aria-hidden=\"true\" class=\"wp-block-spacer\"><\/div>\n\n\n\n<div class=\"wp-block-columns is-layout-flex wp-container-core-columns-is-layout-9d6595d7 wp-block-columns-is-layout-flex\">\n<div class=\"wp-block-column is-layout-flow wp-block-column-is-layout-flow\" style=\"flex-basis:33.33%\">\n<h1 class=\"wp-block-heading\">D\u00d8NFOSS CAMPING<\/h1>\n<\/div>\n\n\n\n<div class=\"wp-block-column is-layout-flow wp-block-column-is-layout-flow\" style=\"flex-basis:66.66%\">\n<p>At D\u00f8nfoss Camping, you will enjoy spectacular views of mountains and the emerald green river, whether you come with a tent, caravan, or motorhome.<\/p>\n\n\n\n<p>Here, you will find pitches right by the waterfall. Most visitors to the campsite sleep soundly to the soothing sound of the water falling down. There are also quieter spots a bit away from the river but still with beautiful views of the mountains and surrounding nature. Some pitches have gravel surfaces, while others have grass lawns. So, if you&#8217;re looking for cosy and nature-oriented pitches, we have something to suit every preference.<\/p>\n\n\n\n<p>We offer 220 idyllic pitches for caravans\/motorhomes, ensuring you never have a long distance to sanitary facilities. Out of these, 160 are reserved for permanent residents.<\/p>\n\n\n\n<p>You cannot reserve pitches for caravans, motorhomes, or tents, so you can stay as long as you like.<\/p>\n\n\n\n<p><\/p>\n\n\n\n<p><strong><strong>Facilities for tents<\/strong><\/strong><\/p>\n\n\n\n<p>There are also great options for tent placement. There are several tent areas along the waterfall, equipped with electrical outlets and lighting posts.<\/p>\n\n\n\n<p><\/p>\n\n\n\n<p><strong><strong>Facilities for motorhomes<\/strong><\/strong><\/p>\n\n\n\n<ul class=\"wp-block-list\">\n<li>Dumping station at the entrance<\/li>\n\n\n\n<li>Electrical outlets at all pitches<\/li>\n\n\n\n<li>Levelled pitches<\/li>\n<\/ul>\n\n\n\n<p><strong>Check-out time for campers is at 14:00.<\/strong><\/p>\n<\/div>\n<\/div>\n\n\n\n<div style=\"height:33px\" aria-hidden=\"true\" class=\"wp-block-spacer\"><\/div>\n\n\n\n<div class=\"wp-block-columns is-layout-flex wp-container-core-columns-is-layout-9d6595d7 wp-block-columns-is-layout-flex\">\n<div class=\"wp-block-column is-layout-flow wp-block-column-is-layout-flow\">\n<div class=\"wp-block-group\"><div class=\"wp-block-group__inner-container is-layout-constrained wp-block-group-is-layout-constrained\">\n<h2 class=\"wp-block-heading\">TENT<\/h2>\n\n\n\n<hr class=\"wp-block-separator has-alpha-channel-opacity\"\/>\n\n\n\n<h3 class=\"wp-block-heading\">PRICE<\/h3>\n\n\n\n<figure class=\"wp-block-table is-style-stripes\"><table><tbody><tr><td>Tent &lt;12m\u00b2<\/td><td>400,-<\/td><\/tr><tr><td>Tent 12-20 m\u00b2<\/td><td>450,-<\/td><\/tr><\/tbody><\/table><\/figure>\n<\/div><\/div>\n<\/div>\n\n\n\n<div class=\"wp-block-column is-layout-flow wp-block-column-is-layout-flow\">\n<div class=\"wp-block-group\"><div class=\"wp-block-group__inner-container is-layout-constrained wp-block-group-is-layout-constrained\">\n<h2 class=\"wp-block-heading\"><strong>CARAVAN \/ MOTORHOME<\/strong><\/h2>\n\n\n\n<hr class=\"wp-block-separator has-alpha-channel-opacity\"\/>\n\n\n\n<h3 class=\"wp-block-heading\">PRICE<\/h3>\n\n\n\n<figure class=\"wp-block-table is-style-stripes\"><table><tbody><tr><td>Low season (Including electricity)<\/td><td>400,-<\/td><\/tr><tr><td>High season 19\/6 &#8211; 23\/8-26 <br>(Including electricity)<\/td><td>510,-<\/td><\/tr><\/tbody><\/table><\/figure>\n<\/div><\/div>\n<\/div>\n<\/div>\n\n\n\n<div style=\"height:29px\" aria-hidden=\"true\" class=\"wp-block-spacer\"><\/div>\n\n\n\n<div class=\"wp-block-cover alignfull is-light\" style=\"min-height:200px;aspect-ratio:unset;\"><span aria-hidden=\"true\" class=\"wp-block-cover__background has-background-dim-100 has-background-dim has-background-gradient\" style=\"background:linear-gradient(135deg,rgb(175,211,209) 0%,rgb(175,211,209) 100%)\"><\/span><div class=\"wp-block-cover__inner-container is-layout-flow wp-block-cover-is-layout-flow\">\n<p class=\"has-text-align-center has-white-color has-text-color has-large-font-size\">VACATION &#8211; IMPULSES<\/p>\n<\/div><\/div>\n\n\n\n<div class=\"wp-block-columns is-layout-flex wp-container-core-columns-is-layout-9d6595d7 wp-block-columns-is-layout-flex\">\n<div class=\"wp-block-column is-layout-flow wp-block-column-is-layout-flow\">\n<figure class=\"wp-block-image size-large\"><img loading=\"lazy\" decoding=\"async\" width=\"1024\" height=\"683\" src=\"https:\/\/donfosscamping.no\/wp-content\/uploads\/2023\/03\/T9A1167-1024x683.jpg\" alt=\"Teltoppstilling p\u00e5 gr\u00f8ntareal. \" class=\"wp-image-245\" srcset=\"https:\/\/donfosscamping.no\/wp-content\/uploads\/2023\/03\/T9A1167-1024x683.jpg 1024w, https:\/\/donfosscamping.no\/wp-content\/uploads\/2023\/03\/T9A1167-300x200.jpg 300w, https:\/\/donfosscamping.no\/wp-content\/uploads\/2023\/03\/T9A1167-768x512.jpg 768w, https:\/\/donfosscamping.no\/wp-content\/uploads\/2023\/03\/T9A1167-1536x1025.jpg 1536w, https:\/\/donfosscamping.no\/wp-content\/uploads\/2023\/03\/T9A1167-500x334.jpg 500w, https:\/\/donfosscamping.no\/wp-content\/uploads\/2023\/03\/T9A1167.jpg 2000w\" sizes=\"auto, (max-width: 1024px) 100vw, 1024px\" \/><\/figure>\n<\/div>\n\n\n\n<div class=\"wp-block-column is-layout-flow wp-block-column-is-layout-flow\">\n<figure class=\"wp-block-image size-large\"><img loading=\"lazy\" decoding=\"async\" width=\"1024\" height=\"683\" src=\"https:\/\/donfosscamping.no\/wp-content\/uploads\/2023\/03\/T9A1130-1024x683.jpg\" alt=\"Bobilcamping med romslig plass p\u00e5 D\u00f8nfoss camping.\" class=\"wp-image-223\" srcset=\"https:\/\/donfosscamping.no\/wp-content\/uploads\/2023\/03\/T9A1130-1024x683.jpg 1024w, https:\/\/donfosscamping.no\/wp-content\/uploads\/2023\/03\/T9A1130-300x200.jpg 300w, https:\/\/donfosscamping.no\/wp-content\/uploads\/2023\/03\/T9A1130-768x512.jpg 768w, https:\/\/donfosscamping.no\/wp-content\/uploads\/2023\/03\/T9A1130-1536x1025.jpg 1536w, https:\/\/donfosscamping.no\/wp-content\/uploads\/2023\/03\/T9A1130-500x334.jpg 500w, https:\/\/donfosscamping.no\/wp-content\/uploads\/2023\/03\/T9A1130.jpg 2000w\" sizes=\"auto, (max-width: 1024px) 100vw, 1024px\" \/><\/figure>\n<\/div>\n\n\n\n<div class=\"wp-block-column is-layout-flow wp-block-column-is-layout-flow\">\n<figure class=\"wp-block-image size-large\"><img loading=\"lazy\" decoding=\"async\" width=\"1024\" height=\"683\" src=\"https:\/\/donfosscamping.no\/wp-content\/uploads\/2023\/03\/T9A1364-1024x683.jpg\" alt=\"Barn som koser seg i hengek\u00f8ye utenfor forteltet p\u00e5 campingvognen.\" class=\"wp-image-305\" srcset=\"https:\/\/donfosscamping.no\/wp-content\/uploads\/2023\/03\/T9A1364-1024x683.jpg 1024w, https:\/\/donfosscamping.no\/wp-content\/uploads\/2023\/03\/T9A1364-300x200.jpg 300w, https:\/\/donfosscamping.no\/wp-content\/uploads\/2023\/03\/T9A1364-768x512.jpg 768w, https:\/\/donfosscamping.no\/wp-content\/uploads\/2023\/03\/T9A1364-1536x1025.jpg 1536w, https:\/\/donfosscamping.no\/wp-content\/uploads\/2023\/03\/T9A1364-500x334.jpg 500w, https:\/\/donfosscamping.no\/wp-content\/uploads\/2023\/03\/T9A1364.jpg 2000w\" sizes=\"auto, (max-width: 1024px) 100vw, 1024px\" \/><\/figure>\n<\/div>\n<\/div>\n\n\n\n<div class=\"wp-block-columns is-layout-flex wp-container-core-columns-is-layout-9d6595d7 wp-block-columns-is-layout-flex\">\n<div class=\"wp-block-column is-layout-flow wp-block-column-is-layout-flow\">\n<figure class=\"wp-block-image size-large\"><img loading=\"lazy\" decoding=\"async\" width=\"1024\" height=\"683\" src=\"https:\/\/donfosscamping.no\/wp-content\/uploads\/2023\/03\/T9A1371-1024x683.jpg\" alt=\"Mann som henger opp t\u00f8y til t\u00f8rk i den svale fjellvinden.\" class=\"wp-image-311\" srcset=\"https:\/\/donfosscamping.no\/wp-content\/uploads\/2023\/03\/T9A1371-1024x683.jpg 1024w, https:\/\/donfosscamping.no\/wp-content\/uploads\/2023\/03\/T9A1371-300x200.jpg 300w, https:\/\/donfosscamping.no\/wp-content\/uploads\/2023\/03\/T9A1371-768x512.jpg 768w, https:\/\/donfosscamping.no\/wp-content\/uploads\/2023\/03\/T9A1371-1536x1025.jpg 1536w, https:\/\/donfosscamping.no\/wp-content\/uploads\/2023\/03\/T9A1371-500x334.jpg 500w, https:\/\/donfosscamping.no\/wp-content\/uploads\/2023\/03\/T9A1371.jpg 2000w\" sizes=\"auto, (max-width: 1024px) 100vw, 1024px\" \/><\/figure>\n<\/div>\n\n\n\n<div class=\"wp-block-column is-layout-flow wp-block-column-is-layout-flow\">\n<figure class=\"wp-block-image size-large\"><img loading=\"lazy\" decoding=\"async\" width=\"1024\" height=\"683\" src=\"https:\/\/donfosscamping.no\/wp-content\/uploads\/2023\/03\/T9A1199-1024x683.jpg\" alt=\"Mor og barn p\u00e5 bassengkanten.\" class=\"wp-image-257\" srcset=\"https:\/\/donfosscamping.no\/wp-content\/uploads\/2023\/03\/T9A1199-1024x683.jpg 1024w, https:\/\/donfosscamping.no\/wp-content\/uploads\/2023\/03\/T9A1199-300x200.jpg 300w, https:\/\/donfosscamping.no\/wp-content\/uploads\/2023\/03\/T9A1199-768x512.jpg 768w, https:\/\/donfosscamping.no\/wp-content\/uploads\/2023\/03\/T9A1199-1536x1025.jpg 1536w, https:\/\/donfosscamping.no\/wp-content\/uploads\/2023\/03\/T9A1199-500x334.jpg 500w, https:\/\/donfosscamping.no\/wp-content\/uploads\/2023\/03\/T9A1199.jpg 2000w\" sizes=\"auto, (max-width: 1024px) 100vw, 1024px\" \/><\/figure>\n<\/div>\n\n\n\n<div class=\"wp-block-column is-layout-flow wp-block-column-is-layout-flow\">\n<figure class=\"wp-block-image size-large\"><img loading=\"lazy\" decoding=\"async\" width=\"1024\" height=\"683\" src=\"https:\/\/donfosscamping.no\/wp-content\/uploads\/2023\/03\/T9A1433-1024x683.jpg\" alt=\"Skilt mot campingvognplassen. \" class=\"wp-image-327\" srcset=\"https:\/\/donfosscamping.no\/wp-content\/uploads\/2023\/03\/T9A1433-1024x683.jpg 1024w, https:\/\/donfosscamping.no\/wp-content\/uploads\/2023\/03\/T9A1433-300x200.jpg 300w, https:\/\/donfosscamping.no\/wp-content\/uploads\/2023\/03\/T9A1433-768x512.jpg 768w, https:\/\/donfosscamping.no\/wp-content\/uploads\/2023\/03\/T9A1433-1536x1025.jpg 1536w, https:\/\/donfosscamping.no\/wp-content\/uploads\/2023\/03\/T9A1433-500x334.jpg 500w, https:\/\/donfosscamping.no\/wp-content\/uploads\/2023\/03\/T9A1433.jpg 2000w\" sizes=\"auto, (max-width: 1024px) 100vw, 1024px\" \/><\/figure>\n<\/div>\n<\/div>\n\n\n\n<div class=\"wp-block-columns is-layout-flex wp-container-core-columns-is-layout-9d6595d7 wp-block-columns-is-layout-flex\">\n<div class=\"wp-block-column is-layout-flow wp-block-column-is-layout-flow\">\n<figure class=\"wp-block-image size-large\"><img loading=\"lazy\" decoding=\"async\" width=\"1024\" height=\"683\" src=\"https:\/\/donfosscamping.no\/wp-content\/uploads\/2023\/03\/T9A1154-1024x683.jpg\" alt=\"Fiskestenger som lener seg mot teltveggen. Klare for fisking.\" class=\"wp-image-241\" srcset=\"https:\/\/donfosscamping.no\/wp-content\/uploads\/2023\/03\/T9A1154-1024x683.jpg 1024w, https:\/\/donfosscamping.no\/wp-content\/uploads\/2023\/03\/T9A1154-300x200.jpg 300w, https:\/\/donfosscamping.no\/wp-content\/uploads\/2023\/03\/T9A1154-768x512.jpg 768w, https:\/\/donfosscamping.no\/wp-content\/uploads\/2023\/03\/T9A1154-1536x1025.jpg 1536w, https:\/\/donfosscamping.no\/wp-content\/uploads\/2023\/03\/T9A1154-500x334.jpg 500w, https:\/\/donfosscamping.no\/wp-content\/uploads\/2023\/03\/T9A1154.jpg 2000w\" sizes=\"auto, (max-width: 1024px) 100vw, 1024px\" \/><\/figure>\n<\/div>\n\n\n\n<div class=\"wp-block-column is-layout-flow wp-block-column-is-layout-flow\">\n<figure class=\"wp-block-image size-large\"><img loading=\"lazy\" decoding=\"async\" width=\"1024\" height=\"683\" src=\"https:\/\/donfosscamping.no\/wp-content\/uploads\/2023\/03\/T9A1115-1024x683.jpg\" alt=\"Skilt p\u00e5 servicehus som viser vei til oppvask.\" class=\"wp-image-213\" srcset=\"https:\/\/donfosscamping.no\/wp-content\/uploads\/2023\/03\/T9A1115-1024x683.jpg 1024w, https:\/\/donfosscamping.no\/wp-content\/uploads\/2023\/03\/T9A1115-300x200.jpg 300w, https:\/\/donfosscamping.no\/wp-content\/uploads\/2023\/03\/T9A1115-768x512.jpg 768w, https:\/\/donfosscamping.no\/wp-content\/uploads\/2023\/03\/T9A1115-1536x1025.jpg 1536w, https:\/\/donfosscamping.no\/wp-content\/uploads\/2023\/03\/T9A1115-500x334.jpg 500w, https:\/\/donfosscamping.no\/wp-content\/uploads\/2023\/03\/T9A1115.jpg 2000w\" sizes=\"auto, (max-width: 1024px) 100vw, 1024px\" \/><\/figure>\n<\/div>\n\n\n\n<div class=\"wp-block-column is-layout-flow wp-block-column-is-layout-flow\">\n<figure class=\"wp-block-image size-large\"><img loading=\"lazy\" decoding=\"async\" width=\"1024\" height=\"683\" src=\"https:\/\/donfosscamping.no\/wp-content\/uploads\/2023\/03\/T9A1331-1024x683.jpg\" alt=\"Innsjekk i resepsjonen p\u00e5 D\u00f8nfoss camping.\" class=\"wp-image-291\" srcset=\"https:\/\/donfosscamping.no\/wp-content\/uploads\/2023\/03\/T9A1331-1024x683.jpg 1024w, https:\/\/donfosscamping.no\/wp-content\/uploads\/2023\/03\/T9A1331-300x200.jpg 300w, https:\/\/donfosscamping.no\/wp-content\/uploads\/2023\/03\/T9A1331-768x512.jpg 768w, https:\/\/donfosscamping.no\/wp-content\/uploads\/2023\/03\/T9A1331-1536x1025.jpg 1536w, https:\/\/donfosscamping.no\/wp-content\/uploads\/2023\/03\/T9A1331-500x334.jpg 500w, https:\/\/donfosscamping.no\/wp-content\/uploads\/2023\/03\/T9A1331.jpg 2000w\" sizes=\"auto, (max-width: 1024px) 100vw, 1024px\" \/><\/figure>\n<\/div>\n<\/div>\n\n\n\n<figure class=\"wp-block-gallery has-nested-images columns-default is-cropped wp-block-gallery-1 is-layout-flex wp-block-gallery-is-layout-flex\">\n<figure class=\"wp-block-image size-large is-style-default\"><img loading=\"lazy\" decoding=\"async\" width=\"1024\" height=\"683\" data-id=\"233\" src=\"https:\/\/donfosscamping.no\/wp-content\/uploads\/2023\/03\/T9A1144-1024x683.jpg\" alt=\"Nydelig teltoppstilling ved et tjern p\u00e5 D\u00f8nfoss camping. \" class=\"wp-image-233\" srcset=\"https:\/\/donfosscamping.no\/wp-content\/uploads\/2023\/03\/T9A1144-1024x683.jpg 1024w, https:\/\/donfosscamping.no\/wp-content\/uploads\/2023\/03\/T9A1144-300x200.jpg 300w, https:\/\/donfosscamping.no\/wp-content\/uploads\/2023\/03\/T9A1144-768x512.jpg 768w, https:\/\/donfosscamping.no\/wp-content\/uploads\/2023\/03\/T9A1144-1536x1025.jpg 1536w, https:\/\/donfosscamping.no\/wp-content\/uploads\/2023\/03\/T9A1144-500x334.jpg 500w, https:\/\/donfosscamping.no\/wp-content\/uploads\/2023\/03\/T9A1144.jpg 2000w\" sizes=\"auto, (max-width: 1024px) 100vw, 1024px\" \/><\/figure>\n<\/figure>\n","protected":false},"excerpt":{"rendered":"<p>D\u00d8NFOSS CAMPING At D\u00f8nfoss Camping, you will enjoy spectacular views of mountains and the emerald green river, whether you come &#8230;<\/p>\n","protected":false},"author":1,"featured_media":0,"parent":1513,"menu_order":0,"comment_status":"closed","ping_status":"closed","template":"","meta":{"_acf_changed":false,"inline_featured_image":false,"_uag_custom_page_level_css":"","footnotes":""},"class_list":["post-1511","page","type-page","status-publish","hentry"],"acf":[],"yoast_head":"<!-- This site is optimized with the Yoast SEO plugin v27.3 - https:\/\/yoast.com\/product\/yoast-seo-wordpress\/ -->\n<title>Camping - D\u00f8nfoss Camping<\/title>\n<meta name=\"robots\" content=\"index, follow, max-snippet:-1, max-image-preview:large, max-video-preview:-1\" \/>\n<link rel=\"canonical\" href=\"https:\/\/donfosscamping.no\/en\/accommodation\/camping\/\" \/>\n<meta property=\"og:locale\" content=\"en_US\" \/>\n<meta property=\"og:type\" content=\"article\" \/>\n<meta property=\"og:title\" content=\"Camping - D\u00f8nfoss Camping\" \/>\n<meta property=\"og:description\" content=\"D\u00d8NFOSS CAMPING At D\u00f8nfoss Camping, you will enjoy spectacular views of mountains and the emerald green river, whether you come ...\" \/>\n<meta property=\"og:url\" content=\"https:\/\/donfosscamping.no\/en\/accommodation\/camping\/\" \/>\n<meta property=\"og:site_name\" content=\"D\u00f8nfoss Camping\" \/>\n<meta property=\"article:modified_time\" content=\"2026-02-13T08:59:27+00:00\" \/>\n<meta property=\"og:image\" content=\"https:\/\/donfosscamping.no\/wp-content\/uploads\/2023\/03\/T9A1377.jpg\" \/>\n\t<meta property=\"og:image:width\" content=\"2000\" \/>\n\t<meta property=\"og:image:height\" content=\"1334\" \/>\n\t<meta property=\"og:image:type\" content=\"image\/jpeg\" \/>\n<meta name=\"twitter:card\" content=\"summary_large_image\" \/>\n<meta name=\"twitter:label1\" content=\"Est. reading time\" \/>\n\t<meta name=\"twitter:data1\" content=\"4 minutes\" \/>\n<script type=\"application\/ld+json\" class=\"yoast-schema-graph\">{\"@context\":\"https:\\\/\\\/schema.org\",\"@graph\":[{\"@type\":\"WebPage\",\"@id\":\"https:\\\/\\\/donfosscamping.no\\\/en\\\/accommodation\\\/camping\\\/\",\"url\":\"https:\\\/\\\/donfosscamping.no\\\/en\\\/accommodation\\\/camping\\\/\",\"name\":\"Camping - D\u00f8nfoss Camping\",\"isPartOf\":{\"@id\":\"https:\\\/\\\/donfosscamping.no\\\/#website\"},\"primaryImageOfPage\":{\"@id\":\"https:\\\/\\\/donfosscamping.no\\\/en\\\/accommodation\\\/camping\\\/#primaryimage\"},\"image\":{\"@id\":\"https:\\\/\\\/donfosscamping.no\\\/en\\\/accommodation\\\/camping\\\/#primaryimage\"},\"thumbnailUrl\":\"https:\\\/\\\/donfosscamping.no\\\/wp-content\\\/uploads\\\/2023\\\/03\\\/T9A1377.jpg\",\"datePublished\":\"2023-02-06T14:27:47+00:00\",\"dateModified\":\"2026-02-13T08:59:27+00:00\",\"breadcrumb\":{\"@id\":\"https:\\\/\\\/donfosscamping.no\\\/en\\\/accommodation\\\/camping\\\/#breadcrumb\"},\"inLanguage\":\"en-US\",\"potentialAction\":[{\"@type\":\"ReadAction\",\"target\":[\"https:\\\/\\\/donfosscamping.no\\\/en\\\/accommodation\\\/camping\\\/\"]}]},{\"@type\":\"ImageObject\",\"inLanguage\":\"en-US\",\"@id\":\"https:\\\/\\\/donfosscamping.no\\\/en\\\/accommodation\\\/camping\\\/#primaryimage\",\"url\":\"https:\\\/\\\/donfosscamping.no\\\/wp-content\\\/uploads\\\/2023\\\/03\\\/T9A1377.jpg\",\"contentUrl\":\"https:\\\/\\\/donfosscamping.no\\\/wp-content\\\/uploads\\\/2023\\\/03\\\/T9A1377.jpg\"},{\"@type\":\"BreadcrumbList\",\"@id\":\"https:\\\/\\\/donfosscamping.no\\\/en\\\/accommodation\\\/camping\\\/#breadcrumb\",\"itemListElement\":[{\"@type\":\"ListItem\",\"position\":1,\"name\":\"Hjem\",\"item\":\"https:\\\/\\\/donfosscamping.no\\\/en\\\/\"},{\"@type\":\"ListItem\",\"position\":2,\"name\":\"Accommodation\",\"item\":\"https:\\\/\\\/donfosscamping.no\\\/en\\\/accommodation\\\/\"},{\"@type\":\"ListItem\",\"position\":3,\"name\":\"Camping\"}]},{\"@type\":\"WebSite\",\"@id\":\"https:\\\/\\\/donfosscamping.no\\\/#website\",\"url\":\"https:\\\/\\\/donfosscamping.no\\\/\",\"name\":\"D\u00f8nfoss Camping\",\"description\":\"\",\"publisher\":{\"@id\":\"https:\\\/\\\/donfosscamping.no\\\/#organization\"},\"potentialAction\":[{\"@type\":\"SearchAction\",\"target\":{\"@type\":\"EntryPoint\",\"urlTemplate\":\"https:\\\/\\\/donfosscamping.no\\\/?s={search_term_string}\"},\"query-input\":{\"@type\":\"PropertyValueSpecification\",\"valueRequired\":true,\"valueName\":\"search_term_string\"}}],\"inLanguage\":\"en-US\"},{\"@type\":\"Organization\",\"@id\":\"https:\\\/\\\/donfosscamping.no\\\/#organization\",\"name\":\"D\u00f8nfoss Camping\",\"url\":\"https:\\\/\\\/donfosscamping.no\\\/\",\"logo\":{\"@type\":\"ImageObject\",\"inLanguage\":\"en-US\",\"@id\":\"https:\\\/\\\/donfosscamping.no\\\/#\\\/schema\\\/logo\\\/image\\\/\",\"url\":\"https:\\\/\\\/donfosscamping.no\\\/wp-content\\\/uploads\\\/2023\\\/02\\\/Donfoss-Camping-Logo_river.svg\",\"contentUrl\":\"https:\\\/\\\/donfosscamping.no\\\/wp-content\\\/uploads\\\/2023\\\/02\\\/Donfoss-Camping-Logo_river.svg\",\"caption\":\"D\u00f8nfoss Camping\"},\"image\":{\"@id\":\"https:\\\/\\\/donfosscamping.no\\\/#\\\/schema\\\/logo\\\/image\\\/\"}}]}<\/script>\n<!-- \/ Yoast SEO plugin. -->","yoast_head_json":{"title":"Camping - D\u00f8nfoss Camping","robots":{"index":"index","follow":"follow","max-snippet":"max-snippet:-1","max-image-preview":"max-image-preview:large","max-video-preview":"max-video-preview:-1"},"canonical":"https:\/\/donfosscamping.no\/en\/accommodation\/camping\/","og_locale":"en_US","og_type":"article","og_title":"Camping - D\u00f8nfoss Camping","og_description":"D\u00d8NFOSS CAMPING At D\u00f8nfoss Camping, you will enjoy spectacular views of mountains and the emerald green river, whether you come ...","og_url":"https:\/\/donfosscamping.no\/en\/accommodation\/camping\/","og_site_name":"D\u00f8nfoss Camping","article_modified_time":"2026-02-13T08:59:27+00:00","og_image":[{"width":2000,"height":1334,"url":"https:\/\/donfosscamping.no\/wp-content\/uploads\/2023\/03\/T9A1377.jpg","type":"image\/jpeg"}],"twitter_card":"summary_large_image","twitter_misc":{"Est. reading time":"4 minutes"},"schema":{"@context":"https:\/\/schema.org","@graph":[{"@type":"WebPage","@id":"https:\/\/donfosscamping.no\/en\/accommodation\/camping\/","url":"https:\/\/donfosscamping.no\/en\/accommodation\/camping\/","name":"Camping - D\u00f8nfoss Camping","isPartOf":{"@id":"https:\/\/donfosscamping.no\/#website"},"primaryImageOfPage":{"@id":"https:\/\/donfosscamping.no\/en\/accommodation\/camping\/#primaryimage"},"image":{"@id":"https:\/\/donfosscamping.no\/en\/accommodation\/camping\/#primaryimage"},"thumbnailUrl":"https:\/\/donfosscamping.no\/wp-content\/uploads\/2023\/03\/T9A1377.jpg","datePublished":"2023-02-06T14:27:47+00:00","dateModified":"2026-02-13T08:59:27+00:00","breadcrumb":{"@id":"https:\/\/donfosscamping.no\/en\/accommodation\/camping\/#breadcrumb"},"inLanguage":"en-US","potentialAction":[{"@type":"ReadAction","target":["https:\/\/donfosscamping.no\/en\/accommodation\/camping\/"]}]},{"@type":"ImageObject","inLanguage":"en-US","@id":"https:\/\/donfosscamping.no\/en\/accommodation\/camping\/#primaryimage","url":"https:\/\/donfosscamping.no\/wp-content\/uploads\/2023\/03\/T9A1377.jpg","contentUrl":"https:\/\/donfosscamping.no\/wp-content\/uploads\/2023\/03\/T9A1377.jpg"},{"@type":"BreadcrumbList","@id":"https:\/\/donfosscamping.no\/en\/accommodation\/camping\/#breadcrumb","itemListElement":[{"@type":"ListItem","position":1,"name":"Hjem","item":"https:\/\/donfosscamping.no\/en\/"},{"@type":"ListItem","position":2,"name":"Accommodation","item":"https:\/\/donfosscamping.no\/en\/accommodation\/"},{"@type":"ListItem","position":3,"name":"Camping"}]},{"@type":"WebSite","@id":"https:\/\/donfosscamping.no\/#website","url":"https:\/\/donfosscamping.no\/","name":"D\u00f8nfoss Camping","description":"","publisher":{"@id":"https:\/\/donfosscamping.no\/#organization"},"potentialAction":[{"@type":"SearchAction","target":{"@type":"EntryPoint","urlTemplate":"https:\/\/donfosscamping.no\/?s={search_term_string}"},"query-input":{"@type":"PropertyValueSpecification","valueRequired":true,"valueName":"search_term_string"}}],"inLanguage":"en-US"},{"@type":"Organization","@id":"https:\/\/donfosscamping.no\/#organization","name":"D\u00f8nfoss Camping","url":"https:\/\/donfosscamping.no\/","logo":{"@type":"ImageObject","inLanguage":"en-US","@id":"https:\/\/donfosscamping.no\/#\/schema\/logo\/image\/","url":"https:\/\/donfosscamping.no\/wp-content\/uploads\/2023\/02\/Donfoss-Camping-Logo_river.svg","contentUrl":"https:\/\/donfosscamping.no\/wp-content\/uploads\/2023\/02\/Donfoss-Camping-Logo_river.svg","caption":"D\u00f8nfoss Camping"},"image":{"@id":"https:\/\/donfosscamping.no\/#\/schema\/logo\/image\/"}}]}},"uagb_featured_image_src":{"full":false,"thumbnail":false,"medium":false,"medium_large":false,"large":false,"1536x1536":false,"2048x2048":false,"logo":false,"main_banner":false,"main_banner_mobile":false,"header_image":false,"home_posts":false,"home_posts_square":false,"archive":false,"archive_square":false,"gform-image-choice-sm":false,"gform-image-choice-md":false,"gform-image-choice-lg":false},"uagb_author_info":{"display_name":"hausbyra","author_link":"https:\/\/donfosscamping.no\/en\/author\/hausbyra\/"},"uagb_comment_info":0,"uagb_excerpt":"D\u00d8NFOSS CAMPING At D\u00f8nfoss Camping, you will enjoy spectacular views of mountains and the emerald green river, whether you come ...","_links":{"self":[{"href":"https:\/\/donfosscamping.no\/en\/wp-json\/wp\/v2\/pages\/1511","targetHints":{"allow":["GET"]}}],"collection":[{"href":"https:\/\/donfosscamping.no\/en\/wp-json\/wp\/v2\/pages"}],"about":[{"href":"https:\/\/donfosscamping.no\/en\/wp-json\/wp\/v2\/types\/page"}],"author":[{"embeddable":true,"href":"https:\/\/donfosscamping.no\/en\/wp-json\/wp\/v2\/users\/1"}],"replies":[{"embeddable":true,"href":"https:\/\/donfosscamping.no\/en\/wp-json\/wp\/v2\/comments?post=1511"}],"version-history":[{"count":10,"href":"https:\/\/donfosscamping.no\/en\/wp-json\/wp\/v2\/pages\/1511\/revisions"}],"predecessor-version":[{"id":2397,"href":"https:\/\/donfosscamping.no\/en\/wp-json\/wp\/v2\/pages\/1511\/revisions\/2397"}],"up":[{"embeddable":true,"href":"https:\/\/donfosscamping.no\/en\/wp-json\/wp\/v2\/pages\/1513"}],"wp:attachment":[{"href":"https:\/\/donfosscamping.no\/en\/wp-json\/wp\/v2\/media?parent=1511"}],"curies":[{"name":"wp","href":"https:\/\/api.w.org\/{rel}","templated":true}]}}