{"id":1517,"date":"2023-02-06T15:30:39","date_gmt":"2023-02-06T14:30:39","guid":{"rendered":"https:\/\/donfosscamping.no\/?page_id=1517"},"modified":"2026-02-13T09:54:14","modified_gmt":"2026-02-13T08:54:14","slug":"apartments","status":"publish","type":"page","link":"https:\/\/donfosscamping.no\/en\/accommodation\/apartments\/","title":{"rendered":"Apartments"},"content":{"rendered":"\n<div class=\"wp-block-cover alignwide is-light\" style=\"min-height:400px;aspect-ratio:unset;\"><img loading=\"lazy\" decoding=\"async\" width=\"2000\" height=\"1333\" class=\"wp-block-cover__image-background wp-image-1447\" alt=\"Stue i liten leilighet.\" src=\"https:\/\/donfosscamping.no\/wp-content\/uploads\/2023\/03\/Stue-liten-leilighet.jpg\" style=\"object-position:53% 24%\" data-object-fit=\"cover\" data-object-position=\"53% 24%\" srcset=\"https:\/\/donfosscamping.no\/wp-content\/uploads\/2023\/03\/Stue-liten-leilighet.jpg 2000w, https:\/\/donfosscamping.no\/wp-content\/uploads\/2023\/03\/Stue-liten-leilighet-300x200.jpg 300w, https:\/\/donfosscamping.no\/wp-content\/uploads\/2023\/03\/Stue-liten-leilighet-1024x682.jpg 1024w, https:\/\/donfosscamping.no\/wp-content\/uploads\/2023\/03\/Stue-liten-leilighet-768x512.jpg 768w, https:\/\/donfosscamping.no\/wp-content\/uploads\/2023\/03\/Stue-liten-leilighet-1536x1024.jpg 1536w, https:\/\/donfosscamping.no\/wp-content\/uploads\/2023\/03\/Stue-liten-leilighet-500x333.jpg 500w\" sizes=\"auto, (max-width: 2000px) 100vw, 2000px\" \/><span aria-hidden=\"true\" class=\"wp-block-cover__background has-background-dim-0 has-background-dim\"><\/span><div class=\"wp-block-cover__inner-container is-layout-flow wp-block-cover-is-layout-flow\">\n<p class=\"has-text-align-center has-large-font-size\"><\/p>\n<\/div><\/div>\n\n\n\n<div class=\"wp-block-columns is-layout-flex wp-container-core-columns-is-layout-9d6595d7 wp-block-columns-is-layout-flex\">\n<div class=\"wp-block-column is-layout-flow wp-block-column-is-layout-flow\">\n<div class=\"wp-block-columns is-layout-flex wp-container-core-columns-is-layout-9d6595d7 wp-block-columns-is-layout-flex\">\n<div class=\"wp-block-column is-layout-flow wp-block-column-is-layout-flow\" style=\"flex-basis:33.33%\">\n<h1 class=\"wp-block-heading\">APARTMENT<\/h1>\n<\/div>\n\n\n\n<div class=\"wp-block-column is-layout-flow wp-block-column-is-layout-flow\" style=\"flex-basis:66.66%\">\n<p>We offer 3 apartments with 2 bedrooms and 2 apartments with 1 bedroom. All apartments are equipped with kitchen utensils, hot cooking plates, dishwasher, TV, shower, toilet, and a terrace with tables and benches.<\/p>\n\n\n\n<p>Due to high demand, it is advisable to pre-book the apartments.<\/p>\n\n\n\n<p><em><strong><strong><em>Check-out time for cabin guests is at 12:00.<\/em><\/strong><\/strong><\/em><\/p>\n\n\n\n<p><strong><em><strong><em>Check-in is available from 15:00 onwards.<\/em><\/strong><\/em><\/strong><\/p>\n\n\n\n<div class=\"wp-block-columns is-layout-flex wp-container-core-columns-is-layout-9d6595d7 wp-block-columns-is-layout-flex\">\n<div class=\"wp-block-column is-layout-flow wp-block-column-is-layout-flow\"><\/div>\n<\/div>\n<\/div>\n<\/div>\n<\/div>\n<\/div>\n\n\n\n<div class=\"wp-block-columns is-layout-flex wp-container-core-columns-is-layout-9d6595d7 wp-block-columns-is-layout-flex\">\n<div class=\"wp-block-column is-layout-flow wp-block-column-is-layout-flow\">\n<div class=\"wp-block-group\"><div class=\"wp-block-group__inner-container is-layout-constrained wp-block-group-is-layout-constrained\">\n<h2 class=\"wp-block-heading\"><a data-type=\"page\" data-id=\"27\" href=\"https:\/\/donfosscamping.no\/en\/accommodation\/apartments\/apartments-with-1-bedroom\/\"><strong>1-BEDROOM APARTMENT<\/strong><\/a><\/h2>\n\n\n\n<ul class=\"wp-block-list\">\n<li>45 m\u00b2<\/li>\n\n\n\n<li>1 bedroom with 2 single beds<\/li>\n\n\n\n<li>Sofa bed<\/li>\n\n\n\n<li>4 duvets\/pillows<\/li>\n\n\n\n<li>Kitchen utensils, dishwasher, hot plates<\/li>\n\n\n\n<li>TV<\/li>\n\n\n\n<li>Bathroom with shower and toilet<\/li>\n\n\n\n<li>Terrace with tables and benches<\/li>\n<\/ul>\n\n\n\n<hr class=\"wp-block-separator has-alpha-channel-opacity\"\/>\n\n\n\n<h3 class=\"wp-block-heading\">PRICE<\/h3>\n\n\n\n<figure class=\"wp-block-table is-style-stripes\"><table><tbody><tr><td>High season 19\/6 &#8211; 23\/8-26<\/td><td>1.500,-<\/td><\/tr><tr><td>Low season spring\/autumn:<\/td><td>1.200,-<\/td><\/tr><tr><td>End cleaning:<\/td><td>300.-<\/td><\/tr><\/tbody><\/table><\/figure>\n\n\n\n<div style=\"height:26px\" aria-hidden=\"true\" class=\"wp-block-spacer\"><\/div>\n\n\n\n<p class=\"has-black-color has-text-color has-background\" style=\"background:linear-gradient(135deg,rgb(175,211,209) 0%,rgb(175,211,209) 100%)\"><strong><em><strong><em>All guests staying in cabins are required to rent bed linen (including towels) at NOK 100 per person.<\/em><\/strong><\/em><\/strong><\/p>\n<\/div><\/div>\n<\/div>\n\n\n\n<div class=\"wp-block-column is-layout-flow wp-block-column-is-layout-flow\">\n<div class=\"wp-block-group\"><div class=\"wp-block-group__inner-container is-layout-constrained wp-block-group-is-layout-constrained\">\n<h2 class=\"wp-block-heading\"><a data-type=\"page\" data-id=\"29\" href=\"https:\/\/donfosscamping.no\/en\/accommodation\/apartments\/apartments-with-2-bedrooms\/\"><strong>2-BEDROOM APARTMENT<\/strong><\/a><\/h2>\n\n\n\n<ul class=\"wp-block-list\">\n<li>45 m\u00b2<\/li>\n\n\n\n<li>2 bedrooms with 2 single beds and 1 bunk bed<\/li>\n\n\n\n<li>Sofa bed<\/li>\n\n\n\n<li>6 duvets\/pillows<\/li>\n\n\n\n<li>Kitchen utensils, dishwasher, hot plates<\/li>\n\n\n\n<li>TV<\/li>\n\n\n\n<li>Bathroom with shower and toilet<\/li>\n\n\n\n<li>Terrace with tables and benches<\/li>\n<\/ul>\n\n\n\n<hr class=\"wp-block-separator has-alpha-channel-opacity\"\/>\n\n\n\n<h3 class=\"wp-block-heading\">PRICE<\/h3>\n\n\n\n<figure class=\"wp-block-table is-style-stripes\"><table><tbody><tr><td>High season 19\/6 &#8211; 23\/8-26<\/td><td>1.950,-<\/td><\/tr><tr><td>Low season spring\/autumn:<\/td><td>1.500,-<\/td><\/tr><tr><td>End cleaning:<\/td><td>300.-<\/td><\/tr><\/tbody><\/table><\/figure>\n\n\n\n<div style=\"height:26px\" aria-hidden=\"true\" class=\"wp-block-spacer\"><\/div>\n\n\n\n<p class=\"has-background\" style=\"background:linear-gradient(135deg,rgb(175,211,209) 0%,rgb(175,211,209) 100%)\"><strong><em><strong><em>All guests staying in cabins are required to rent bed linen (including towels) at NOK 100 per person.<\/em><\/strong><\/em><\/strong><\/p>\n<\/div><\/div>\n<\/div>\n<\/div>\n\n\n\n<div style=\"height:100px\" aria-hidden=\"true\" class=\"wp-block-spacer\"><\/div>\n\n\n\n<div class=\"wp-block-columns is-layout-flex wp-container-core-columns-is-layout-9d6595d7 wp-block-columns-is-layout-flex\">\n<div class=\"wp-block-column is-layout-flow wp-block-column-is-layout-flow\">\n<figure class=\"wp-block-image size-large\"><img loading=\"lazy\" decoding=\"async\" width=\"1332\" height=\"1333\" src=\"https:\/\/donfosscamping.no\/wp-content\/uploads\/2023\/03\/Stue-liten-leilighet-edited.jpg\" alt=\"Stue i liten leilighet.\" class=\"wp-image-1450\" srcset=\"https:\/\/donfosscamping.no\/wp-content\/uploads\/2023\/03\/Stue-liten-leilighet-edited.jpg 1332w, https:\/\/donfosscamping.no\/wp-content\/uploads\/2023\/03\/Stue-liten-leilighet-edited-300x300.jpg 300w, https:\/\/donfosscamping.no\/wp-content\/uploads\/2023\/03\/Stue-liten-leilighet-edited-1024x1024.jpg 1024w, https:\/\/donfosscamping.no\/wp-content\/uploads\/2023\/03\/Stue-liten-leilighet-edited-150x150.jpg 150w, https:\/\/donfosscamping.no\/wp-content\/uploads\/2023\/03\/Stue-liten-leilighet-edited-768x769.jpg 768w, https:\/\/donfosscamping.no\/wp-content\/uploads\/2023\/03\/Stue-liten-leilighet-edited-500x500.jpg 500w, https:\/\/donfosscamping.no\/wp-content\/uploads\/2023\/03\/Stue-liten-leilighet-edited-555x555.jpg 555w, https:\/\/donfosscamping.no\/wp-content\/uploads\/2023\/03\/Stue-liten-leilighet-edited-581x581.jpg 581w\" sizes=\"auto, (max-width: 1332px) 100vw, 1332px\" \/><\/figure>\n<\/div>\n\n\n\n<div class=\"wp-block-column is-layout-flow wp-block-column-is-layout-flow\">\n<figure class=\"wp-block-image size-large\"><img loading=\"lazy\" decoding=\"async\" width=\"1332\" height=\"1333\" src=\"https:\/\/donfosscamping.no\/wp-content\/uploads\/2023\/03\/Kjokken-stor-leilighet-edited.jpg\" alt=\"Kj\u00f8kken i leilighet p\u00e5 D\u00f8nfoss camping med liten spisegruppe, kj\u00f8leskap, oppvaskmaskin, micro, kaffetrakter og stekeoven.\" class=\"wp-image-1451\" srcset=\"https:\/\/donfosscamping.no\/wp-content\/uploads\/2023\/03\/Kjokken-stor-leilighet-edited.jpg 1332w, https:\/\/donfosscamping.no\/wp-content\/uploads\/2023\/03\/Kjokken-stor-leilighet-edited-300x300.jpg 300w, https:\/\/donfosscamping.no\/wp-content\/uploads\/2023\/03\/Kjokken-stor-leilighet-edited-1024x1024.jpg 1024w, https:\/\/donfosscamping.no\/wp-content\/uploads\/2023\/03\/Kjokken-stor-leilighet-edited-150x150.jpg 150w, https:\/\/donfosscamping.no\/wp-content\/uploads\/2023\/03\/Kjokken-stor-leilighet-edited-768x769.jpg 768w, https:\/\/donfosscamping.no\/wp-content\/uploads\/2023\/03\/Kjokken-stor-leilighet-edited-500x500.jpg 500w, https:\/\/donfosscamping.no\/wp-content\/uploads\/2023\/03\/Kjokken-stor-leilighet-edited-555x555.jpg 555w, https:\/\/donfosscamping.no\/wp-content\/uploads\/2023\/03\/Kjokken-stor-leilighet-edited-581x581.jpg 581w\" sizes=\"auto, (max-width: 1332px) 100vw, 1332px\" \/><\/figure>\n<\/div>\n\n\n\n<div class=\"wp-block-column is-layout-flow wp-block-column-is-layout-flow\">\n<figure class=\"wp-block-image size-large\"><img loading=\"lazy\" decoding=\"async\" width=\"1332\" height=\"1333\" src=\"https:\/\/donfosscamping.no\/wp-content\/uploads\/2023\/03\/Soverom-liten-leilighet-edited.jpg\" alt=\"Soverom med to enkeltsenger.\" class=\"wp-image-1452\" srcset=\"https:\/\/donfosscamping.no\/wp-content\/uploads\/2023\/03\/Soverom-liten-leilighet-edited.jpg 1332w, https:\/\/donfosscamping.no\/wp-content\/uploads\/2023\/03\/Soverom-liten-leilighet-edited-300x300.jpg 300w, https:\/\/donfosscamping.no\/wp-content\/uploads\/2023\/03\/Soverom-liten-leilighet-edited-1024x1024.jpg 1024w, https:\/\/donfosscamping.no\/wp-content\/uploads\/2023\/03\/Soverom-liten-leilighet-edited-150x150.jpg 150w, https:\/\/donfosscamping.no\/wp-content\/uploads\/2023\/03\/Soverom-liten-leilighet-edited-768x769.jpg 768w, https:\/\/donfosscamping.no\/wp-content\/uploads\/2023\/03\/Soverom-liten-leilighet-edited-500x500.jpg 500w, https:\/\/donfosscamping.no\/wp-content\/uploads\/2023\/03\/Soverom-liten-leilighet-edited-555x555.jpg 555w, https:\/\/donfosscamping.no\/wp-content\/uploads\/2023\/03\/Soverom-liten-leilighet-edited-581x581.jpg 581w\" sizes=\"auto, (max-width: 1332px) 100vw, 1332px\" \/><\/figure>\n<\/div>\n<\/div>\n\n\n\n<div class=\"wp-block-columns is-layout-flex wp-container-core-columns-is-layout-9d6595d7 wp-block-columns-is-layout-flex\">\n<div class=\"wp-block-column is-layout-flow wp-block-column-is-layout-flow\">\n<figure class=\"wp-block-image size-large\"><img loading=\"lazy\" decoding=\"async\" width=\"1332\" height=\"1333\" src=\"https:\/\/donfosscamping.no\/wp-content\/uploads\/2023\/03\/Baderom-stor-leilighet-edited.jpg\" alt=\"Bad med dusj og toalett i leilighet.\" class=\"wp-image-1453\" srcset=\"https:\/\/donfosscamping.no\/wp-content\/uploads\/2023\/03\/Baderom-stor-leilighet-edited.jpg 1332w, https:\/\/donfosscamping.no\/wp-content\/uploads\/2023\/03\/Baderom-stor-leilighet-edited-300x300.jpg 300w, https:\/\/donfosscamping.no\/wp-content\/uploads\/2023\/03\/Baderom-stor-leilighet-edited-1024x1024.jpg 1024w, https:\/\/donfosscamping.no\/wp-content\/uploads\/2023\/03\/Baderom-stor-leilighet-edited-150x150.jpg 150w, https:\/\/donfosscamping.no\/wp-content\/uploads\/2023\/03\/Baderom-stor-leilighet-edited-768x769.jpg 768w, https:\/\/donfosscamping.no\/wp-content\/uploads\/2023\/03\/Baderom-stor-leilighet-edited-500x500.jpg 500w, https:\/\/donfosscamping.no\/wp-content\/uploads\/2023\/03\/Baderom-stor-leilighet-edited-555x555.jpg 555w, https:\/\/donfosscamping.no\/wp-content\/uploads\/2023\/03\/Baderom-stor-leilighet-edited-581x581.jpg 581w\" sizes=\"auto, (max-width: 1332px) 100vw, 1332px\" \/><\/figure>\n<\/div>\n\n\n\n<div class=\"wp-block-column is-layout-flow wp-block-column-is-layout-flow\">\n<figure class=\"wp-block-image size-large\"><img loading=\"lazy\" decoding=\"async\" width=\"1024\" height=\"1024\" src=\"https:\/\/donfosscamping.no\/wp-content\/uploads\/2023\/03\/T9A1334-edited-1024x1024.jpg\" alt=\"Servering av mat i restauranten. \" class=\"wp-image-414\" srcset=\"https:\/\/donfosscamping.no\/wp-content\/uploads\/2023\/03\/T9A1334-edited-1024x1024.jpg 1024w, https:\/\/donfosscamping.no\/wp-content\/uploads\/2023\/03\/T9A1334-edited-300x300.jpg 300w, https:\/\/donfosscamping.no\/wp-content\/uploads\/2023\/03\/T9A1334-edited-150x150.jpg 150w, https:\/\/donfosscamping.no\/wp-content\/uploads\/2023\/03\/T9A1334-edited-768x768.jpg 768w, https:\/\/donfosscamping.no\/wp-content\/uploads\/2023\/03\/T9A1334-edited-500x500.jpg 500w, https:\/\/donfosscamping.no\/wp-content\/uploads\/2023\/03\/T9A1334-edited-555x555.jpg 555w, https:\/\/donfosscamping.no\/wp-content\/uploads\/2023\/03\/T9A1334-edited-581x581.jpg 581w, https:\/\/donfosscamping.no\/wp-content\/uploads\/2023\/03\/T9A1334-edited.jpg 1334w\" sizes=\"auto, (max-width: 1024px) 100vw, 1024px\" \/><\/figure>\n<\/div>\n\n\n\n<div class=\"wp-block-column is-layout-flow wp-block-column-is-layout-flow\">\n<figure class=\"wp-block-image size-large\"><img loading=\"lazy\" decoding=\"async\" width=\"1334\" height=\"1334\" src=\"https:\/\/donfosscamping.no\/wp-content\/uploads\/2023\/03\/T9A1062-edited.jpg\" alt=\"Lek p\u00e5 lekeplass.\" class=\"wp-image-599\" srcset=\"https:\/\/donfosscamping.no\/wp-content\/uploads\/2023\/03\/T9A1062-edited.jpg 1334w, https:\/\/donfosscamping.no\/wp-content\/uploads\/2023\/03\/T9A1062-edited-300x300.jpg 300w, https:\/\/donfosscamping.no\/wp-content\/uploads\/2023\/03\/T9A1062-edited-1024x1024.jpg 1024w, https:\/\/donfosscamping.no\/wp-content\/uploads\/2023\/03\/T9A1062-edited-150x150.jpg 150w, https:\/\/donfosscamping.no\/wp-content\/uploads\/2023\/03\/T9A1062-edited-768x768.jpg 768w, https:\/\/donfosscamping.no\/wp-content\/uploads\/2023\/03\/T9A1062-edited-500x500.jpg 500w, https:\/\/donfosscamping.no\/wp-content\/uploads\/2023\/03\/T9A1062-edited-555x555.jpg 555w, https:\/\/donfosscamping.no\/wp-content\/uploads\/2023\/03\/T9A1062-edited-581x581.jpg 581w\" sizes=\"auto, (max-width: 1334px) 100vw, 1334px\" \/><\/figure>\n<\/div>\n<\/div>\n\n\n\n<figure class=\"wp-block-image size-large\"><img loading=\"lazy\" decoding=\"async\" width=\"1024\" height=\"683\" src=\"https:\/\/donfosscamping.no\/wp-content\/uploads\/2023\/03\/T9A1271-1024x683.jpg\" alt=\"Bading i badebasseng en solrik dag p\u00e5 D\u00f8nfoss camping.\" class=\"wp-image-271\" srcset=\"https:\/\/donfosscamping.no\/wp-content\/uploads\/2023\/03\/T9A1271-1024x683.jpg 1024w, https:\/\/donfosscamping.no\/wp-content\/uploads\/2023\/03\/T9A1271-300x200.jpg 300w, https:\/\/donfosscamping.no\/wp-content\/uploads\/2023\/03\/T9A1271-768x512.jpg 768w, https:\/\/donfosscamping.no\/wp-content\/uploads\/2023\/03\/T9A1271-1536x1025.jpg 1536w, https:\/\/donfosscamping.no\/wp-content\/uploads\/2023\/03\/T9A1271-500x334.jpg 500w, https:\/\/donfosscamping.no\/wp-content\/uploads\/2023\/03\/T9A1271.jpg 2000w\" sizes=\"auto, (max-width: 1024px) 100vw, 1024px\" \/><\/figure>\n\n\n\n<div style=\"height:32px\" aria-hidden=\"true\" class=\"wp-block-spacer\"><\/div>\n\n\n\n<div class=\"wp-block-cover alignfull is-light\" style=\"min-height:350px;aspect-ratio:unset;\"><span aria-hidden=\"true\" class=\"wp-block-cover__background has-background-dim-100 has-background-dim has-background-gradient\" style=\"background:linear-gradient(135deg,rgb(255,246,150) 0%,rgb(175,211,209) 0%,rgb(175,211,209) 100%)\"><\/span><div class=\"wp-block-cover__inner-container is-layout-flow wp-block-cover-is-layout-flow\">\n<div class=\"wp-block-group\"><div class=\"wp-block-group__inner-container is-layout-constrained wp-block-group-is-layout-constrained\">\n<h3 class=\"wp-block-heading has-text-align-center has-black-color has-text-color has-large-font-size\">Book your accommodation in a cabin or apartment.<\/h3>\n\n\n\n<div class=\"wp-block-buttons is-content-justification-center is-layout-flex wp-container-core-buttons-is-layout-16018d1d wp-block-buttons-is-layout-flex\">\n<div class=\"wp-block-button\"><a class=\"wp-block-button__link has-text-align-center wp-element-button\" href=\"https:\/\/donfosscamping.no\/en\/contact-us\/\">Book your accommodation in a cabin or apartment.<\/a><\/div>\n<\/div>\n<\/div><\/div>\n<\/div><\/div>\n","protected":false},"excerpt":{"rendered":"<p>APARTMENT We offer 3 apartments with 2 bedrooms and 2 apartments with 1 bedroom. All apartments are equipped with kitchen &#8230;<\/p>\n","protected":false},"author":1,"featured_media":0,"parent":1513,"menu_order":0,"comment_status":"closed","ping_status":"closed","template":"","meta":{"_acf_changed":false,"inline_featured_image":false,"_uag_custom_page_level_css":"","footnotes":""},"class_list":["post-1517","page","type-page","status-publish","hentry"],"acf":[],"yoast_head":"<!-- This site is optimized with the Yoast SEO plugin v27.3 - https:\/\/yoast.com\/product\/yoast-seo-wordpress\/ -->\n<title>Apartments - D\u00f8nfoss Camping<\/title>\n<meta name=\"robots\" content=\"index, follow, max-snippet:-1, max-image-preview:large, max-video-preview:-1\" \/>\n<link rel=\"canonical\" href=\"https:\/\/donfosscamping.no\/en\/accommodation\/apartments\/\" \/>\n<meta property=\"og:locale\" content=\"en_US\" \/>\n<meta property=\"og:type\" content=\"article\" \/>\n<meta property=\"og:title\" content=\"Apartments - D\u00f8nfoss Camping\" \/>\n<meta property=\"og:description\" content=\"APARTMENT We offer 3 apartments with 2 bedrooms and 2 apartments with 1 bedroom. All apartments are equipped with kitchen ...\" \/>\n<meta property=\"og:url\" content=\"https:\/\/donfosscamping.no\/en\/accommodation\/apartments\/\" \/>\n<meta property=\"og:site_name\" content=\"D\u00f8nfoss Camping\" \/>\n<meta property=\"article:modified_time\" content=\"2026-02-13T08:54:14+00:00\" \/>\n<meta property=\"og:image\" content=\"https:\/\/donfosscamping.no\/wp-content\/uploads\/2023\/03\/Stue-liten-leilighet.jpg\" \/>\n\t<meta property=\"og:image:width\" content=\"2000\" \/>\n\t<meta property=\"og:image:height\" content=\"1333\" \/>\n\t<meta property=\"og:image:type\" content=\"image\/jpeg\" \/>\n<meta name=\"twitter:card\" content=\"summary_large_image\" \/>\n<script type=\"application\/ld+json\" class=\"yoast-schema-graph\">{\"@context\":\"https:\\\/\\\/schema.org\",\"@graph\":[{\"@type\":\"WebPage\",\"@id\":\"https:\\\/\\\/donfosscamping.no\\\/en\\\/accommodation\\\/apartments\\\/\",\"url\":\"https:\\\/\\\/donfosscamping.no\\\/en\\\/accommodation\\\/apartments\\\/\",\"name\":\"Apartments - D\u00f8nfoss Camping\",\"isPartOf\":{\"@id\":\"https:\\\/\\\/donfosscamping.no\\\/#website\"},\"primaryImageOfPage\":{\"@id\":\"https:\\\/\\\/donfosscamping.no\\\/en\\\/accommodation\\\/apartments\\\/#primaryimage\"},\"image\":{\"@id\":\"https:\\\/\\\/donfosscamping.no\\\/en\\\/accommodation\\\/apartments\\\/#primaryimage\"},\"thumbnailUrl\":\"https:\\\/\\\/donfosscamping.no\\\/wp-content\\\/uploads\\\/2023\\\/03\\\/Stue-liten-leilighet.jpg\",\"datePublished\":\"2023-02-06T14:30:39+00:00\",\"dateModified\":\"2026-02-13T08:54:14+00:00\",\"breadcrumb\":{\"@id\":\"https:\\\/\\\/donfosscamping.no\\\/en\\\/accommodation\\\/apartments\\\/#breadcrumb\"},\"inLanguage\":\"en-US\",\"potentialAction\":[{\"@type\":\"ReadAction\",\"target\":[\"https:\\\/\\\/donfosscamping.no\\\/en\\\/accommodation\\\/apartments\\\/\"]}]},{\"@type\":\"ImageObject\",\"inLanguage\":\"en-US\",\"@id\":\"https:\\\/\\\/donfosscamping.no\\\/en\\\/accommodation\\\/apartments\\\/#primaryimage\",\"url\":\"https:\\\/\\\/donfosscamping.no\\\/wp-content\\\/uploads\\\/2023\\\/03\\\/Stue-liten-leilighet.jpg\",\"contentUrl\":\"https:\\\/\\\/donfosscamping.no\\\/wp-content\\\/uploads\\\/2023\\\/03\\\/Stue-liten-leilighet.jpg\"},{\"@type\":\"BreadcrumbList\",\"@id\":\"https:\\\/\\\/donfosscamping.no\\\/en\\\/accommodation\\\/apartments\\\/#breadcrumb\",\"itemListElement\":[{\"@type\":\"ListItem\",\"position\":1,\"name\":\"Hjem\",\"item\":\"https:\\\/\\\/donfosscamping.no\\\/en\\\/\"},{\"@type\":\"ListItem\",\"position\":2,\"name\":\"Accommodation\",\"item\":\"https:\\\/\\\/donfosscamping.no\\\/en\\\/accommodation\\\/\"},{\"@type\":\"ListItem\",\"position\":3,\"name\":\"Apartments\"}]},{\"@type\":\"WebSite\",\"@id\":\"https:\\\/\\\/donfosscamping.no\\\/#website\",\"url\":\"https:\\\/\\\/donfosscamping.no\\\/\",\"name\":\"D\u00f8nfoss Camping\",\"description\":\"\",\"publisher\":{\"@id\":\"https:\\\/\\\/donfosscamping.no\\\/#organization\"},\"potentialAction\":[{\"@type\":\"SearchAction\",\"target\":{\"@type\":\"EntryPoint\",\"urlTemplate\":\"https:\\\/\\\/donfosscamping.no\\\/?s={search_term_string}\"},\"query-input\":{\"@type\":\"PropertyValueSpecification\",\"valueRequired\":true,\"valueName\":\"search_term_string\"}}],\"inLanguage\":\"en-US\"},{\"@type\":\"Organization\",\"@id\":\"https:\\\/\\\/donfosscamping.no\\\/#organization\",\"name\":\"D\u00f8nfoss Camping\",\"url\":\"https:\\\/\\\/donfosscamping.no\\\/\",\"logo\":{\"@type\":\"ImageObject\",\"inLanguage\":\"en-US\",\"@id\":\"https:\\\/\\\/donfosscamping.no\\\/#\\\/schema\\\/logo\\\/image\\\/\",\"url\":\"https:\\\/\\\/donfosscamping.no\\\/wp-content\\\/uploads\\\/2023\\\/02\\\/Donfoss-Camping-Logo_river.svg\",\"contentUrl\":\"https:\\\/\\\/donfosscamping.no\\\/wp-content\\\/uploads\\\/2023\\\/02\\\/Donfoss-Camping-Logo_river.svg\",\"caption\":\"D\u00f8nfoss Camping\"},\"image\":{\"@id\":\"https:\\\/\\\/donfosscamping.no\\\/#\\\/schema\\\/logo\\\/image\\\/\"}}]}<\/script>\n<!-- \/ Yoast SEO plugin. -->","yoast_head_json":{"title":"Apartments - D\u00f8nfoss Camping","robots":{"index":"index","follow":"follow","max-snippet":"max-snippet:-1","max-image-preview":"max-image-preview:large","max-video-preview":"max-video-preview:-1"},"canonical":"https:\/\/donfosscamping.no\/en\/accommodation\/apartments\/","og_locale":"en_US","og_type":"article","og_title":"Apartments - D\u00f8nfoss Camping","og_description":"APARTMENT We offer 3 apartments with 2 bedrooms and 2 apartments with 1 bedroom. All apartments are equipped with kitchen ...","og_url":"https:\/\/donfosscamping.no\/en\/accommodation\/apartments\/","og_site_name":"D\u00f8nfoss Camping","article_modified_time":"2026-02-13T08:54:14+00:00","og_image":[{"width":2000,"height":1333,"url":"https:\/\/donfosscamping.no\/wp-content\/uploads\/2023\/03\/Stue-liten-leilighet.jpg","type":"image\/jpeg"}],"twitter_card":"summary_large_image","schema":{"@context":"https:\/\/schema.org","@graph":[{"@type":"WebPage","@id":"https:\/\/donfosscamping.no\/en\/accommodation\/apartments\/","url":"https:\/\/donfosscamping.no\/en\/accommodation\/apartments\/","name":"Apartments - D\u00f8nfoss Camping","isPartOf":{"@id":"https:\/\/donfosscamping.no\/#website"},"primaryImageOfPage":{"@id":"https:\/\/donfosscamping.no\/en\/accommodation\/apartments\/#primaryimage"},"image":{"@id":"https:\/\/donfosscamping.no\/en\/accommodation\/apartments\/#primaryimage"},"thumbnailUrl":"https:\/\/donfosscamping.no\/wp-content\/uploads\/2023\/03\/Stue-liten-leilighet.jpg","datePublished":"2023-02-06T14:30:39+00:00","dateModified":"2026-02-13T08:54:14+00:00","breadcrumb":{"@id":"https:\/\/donfosscamping.no\/en\/accommodation\/apartments\/#breadcrumb"},"inLanguage":"en-US","potentialAction":[{"@type":"ReadAction","target":["https:\/\/donfosscamping.no\/en\/accommodation\/apartments\/"]}]},{"@type":"ImageObject","inLanguage":"en-US","@id":"https:\/\/donfosscamping.no\/en\/accommodation\/apartments\/#primaryimage","url":"https:\/\/donfosscamping.no\/wp-content\/uploads\/2023\/03\/Stue-liten-leilighet.jpg","contentUrl":"https:\/\/donfosscamping.no\/wp-content\/uploads\/2023\/03\/Stue-liten-leilighet.jpg"},{"@type":"BreadcrumbList","@id":"https:\/\/donfosscamping.no\/en\/accommodation\/apartments\/#breadcrumb","itemListElement":[{"@type":"ListItem","position":1,"name":"Hjem","item":"https:\/\/donfosscamping.no\/en\/"},{"@type":"ListItem","position":2,"name":"Accommodation","item":"https:\/\/donfosscamping.no\/en\/accommodation\/"},{"@type":"ListItem","position":3,"name":"Apartments"}]},{"@type":"WebSite","@id":"https:\/\/donfosscamping.no\/#website","url":"https:\/\/donfosscamping.no\/","name":"D\u00f8nfoss Camping","description":"","publisher":{"@id":"https:\/\/donfosscamping.no\/#organization"},"potentialAction":[{"@type":"SearchAction","target":{"@type":"EntryPoint","urlTemplate":"https:\/\/donfosscamping.no\/?s={search_term_string}"},"query-input":{"@type":"PropertyValueSpecification","valueRequired":true,"valueName":"search_term_string"}}],"inLanguage":"en-US"},{"@type":"Organization","@id":"https:\/\/donfosscamping.no\/#organization","name":"D\u00f8nfoss Camping","url":"https:\/\/donfosscamping.no\/","logo":{"@type":"ImageObject","inLanguage":"en-US","@id":"https:\/\/donfosscamping.no\/#\/schema\/logo\/image\/","url":"https:\/\/donfosscamping.no\/wp-content\/uploads\/2023\/02\/Donfoss-Camping-Logo_river.svg","contentUrl":"https:\/\/donfosscamping.no\/wp-content\/uploads\/2023\/02\/Donfoss-Camping-Logo_river.svg","caption":"D\u00f8nfoss Camping"},"image":{"@id":"https:\/\/donfosscamping.no\/#\/schema\/logo\/image\/"}}]}},"uagb_featured_image_src":{"full":false,"thumbnail":false,"medium":false,"medium_large":false,"large":false,"1536x1536":false,"2048x2048":false,"logo":false,"main_banner":false,"main_banner_mobile":false,"header_image":false,"home_posts":false,"home_posts_square":false,"archive":false,"archive_square":false,"gform-image-choice-sm":false,"gform-image-choice-md":false,"gform-image-choice-lg":false},"uagb_author_info":{"display_name":"hausbyra","author_link":"https:\/\/donfosscamping.no\/en\/author\/hausbyra\/"},"uagb_comment_info":0,"uagb_excerpt":"APARTMENT We offer 3 apartments with 2 bedrooms and 2 apartments with 1 bedroom. All apartments are equipped with kitchen ...","_links":{"self":[{"href":"https:\/\/donfosscamping.no\/en\/wp-json\/wp\/v2\/pages\/1517","targetHints":{"allow":["GET"]}}],"collection":[{"href":"https:\/\/donfosscamping.no\/en\/wp-json\/wp\/v2\/pages"}],"about":[{"href":"https:\/\/donfosscamping.no\/en\/wp-json\/wp\/v2\/types\/page"}],"author":[{"embeddable":true,"href":"https:\/\/donfosscamping.no\/en\/wp-json\/wp\/v2\/users\/1"}],"replies":[{"embeddable":true,"href":"https:\/\/donfosscamping.no\/en\/wp-json\/wp\/v2\/comments?post=1517"}],"version-history":[{"count":13,"href":"https:\/\/donfosscamping.no\/en\/wp-json\/wp\/v2\/pages\/1517\/revisions"}],"predecessor-version":[{"id":2388,"href":"https:\/\/donfosscamping.no\/en\/wp-json\/wp\/v2\/pages\/1517\/revisions\/2388"}],"up":[{"embeddable":true,"href":"https:\/\/donfosscamping.no\/en\/wp-json\/wp\/v2\/pages\/1513"}],"wp:attachment":[{"href":"https:\/\/donfosscamping.no\/en\/wp-json\/wp\/v2\/media?parent=1517"}],"curies":[{"name":"wp","href":"https:\/\/api.w.org\/{rel}","templated":true}]}}