{"id":1519,"date":"2023-02-06T15:31:42","date_gmt":"2023-02-06T14:31:42","guid":{"rendered":"https:\/\/donfosscamping.no\/?page_id=1519"},"modified":"2023-06-22T13:21:36","modified_gmt":"2023-06-22T11:21:36","slug":"about-us","status":"publish","type":"page","link":"https:\/\/donfosscamping.no\/en\/about-us\/","title":{"rendered":"About us"},"content":{"rendered":"\n<div class=\"wp-block-cover alignwide is-light\" style=\"min-height:500px;aspect-ratio:unset;\"><span aria-hidden=\"true\" class=\"wp-block-cover__background has-background-dim-0 has-background-dim\"><\/span><img loading=\"lazy\" decoding=\"async\" width=\"2000\" height=\"1124\" class=\"wp-block-cover__image-background wp-image-345\" alt=\"Oversiktsbilde av D\u00f8nfoss camping. Fossen renner forbi, folk bader og restauranten er \u00e5pen.\" src=\"https:\/\/donfosscamping.no\/wp-content\/uploads\/2023\/03\/DJI_0657.jpg\" style=\"object-position:54% 42%\" data-object-fit=\"cover\" data-object-position=\"54% 42%\" srcset=\"https:\/\/donfosscamping.no\/wp-content\/uploads\/2023\/03\/DJI_0657.jpg 2000w, https:\/\/donfosscamping.no\/wp-content\/uploads\/2023\/03\/DJI_0657-300x169.jpg 300w, https:\/\/donfosscamping.no\/wp-content\/uploads\/2023\/03\/DJI_0657-1024x575.jpg 1024w, https:\/\/donfosscamping.no\/wp-content\/uploads\/2023\/03\/DJI_0657-768x432.jpg 768w, https:\/\/donfosscamping.no\/wp-content\/uploads\/2023\/03\/DJI_0657-1536x863.jpg 1536w, https:\/\/donfosscamping.no\/wp-content\/uploads\/2023\/03\/DJI_0657-500x281.jpg 500w\" sizes=\"auto, (max-width: 2000px) 100vw, 2000px\" \/><div class=\"wp-block-cover__inner-container is-layout-flow wp-block-cover-is-layout-flow\">\n<p class=\"has-text-align-center has-large-font-size\"><\/p>\n<\/div><\/div>\n\n\n\n<div class=\"wp-block-columns is-layout-flex wp-container-core-columns-is-layout-9d6595d7 wp-block-columns-is-layout-flex\">\n<div class=\"wp-block-column is-layout-flow wp-block-column-is-layout-flow\" style=\"flex-basis:33.33%\">\n<h1 class=\"wp-block-heading\"><strong>ABOUT D\u00d8NFOSS CAMPING<\/strong><\/h1>\n<\/div>\n\n\n\n<div class=\"wp-block-column is-layout-flow wp-block-column-is-layout-flow\" style=\"flex-basis:66.66%\">\n<p>D\u00f8nfoss Camping is located by the majestic D\u00f8nfoss waterfall in scenic surroundings along R.V. 15 in Skj\u00e5k municipality, right between Lom, Stryn, and Geiranger. Surrounded by the Breheimen and Reinheimen national parks, it is also not far from Jotunheimen.<\/p>\n\n\n\n<p>Great emphasis has been placed on building everything in a traditional style using materials such as stone and wood. The natural swimming pool is built just a few meters from the roaring waterfall.<\/p>\n\n\n\n<p>We have done everything to ensure that you can experience the beautiful nature while still enjoying all the modern comforts you need.<\/p>\n\n\n\n<p>If you want to do more than just enjoy the nature, Skj\u00e5k and its vicinity offer a good and diverse range of activities for both young and old. You can enjoy summer skiing, rafting, fishing, as well as small and big game hunting. There are also various hiking trails along roaring canyons, mountains, and forests.<\/p>\n<\/div>\n<\/div>\n\n\n\n<div class=\"wp-block-cover alignfull is-light\" style=\"min-height:200px;aspect-ratio:unset;\"><span aria-hidden=\"true\" class=\"wp-block-cover__background has-background-dim-100 has-background-dim has-background-gradient\" style=\"background:linear-gradient(135deg,rgb(175,211,209) 0%,rgb(175,211,209) 100%)\"><\/span><div class=\"wp-block-cover__inner-container is-layout-flow wp-block-cover-is-layout-flow\">\n<p class=\"has-text-align-center has-black-color has-text-color has-large-font-size\"><strong>D\u00d8NFOSS CAMPING IS LOCATED BY THE MAJESTIC D\u00d8NFOSS WATERFALL<\/strong><\/p>\n<\/div><\/div>\n\n\n\n<div style=\"height:29px\" aria-hidden=\"true\" class=\"wp-block-spacer\"><\/div>\n\n\n\n<div class=\"wp-block-media-text alignwide is-stacked-on-mobile is-vertically-aligned-top\" style=\"grid-template-columns:51% auto\"><figure class=\"wp-block-media-text__media\"><img loading=\"lazy\" decoding=\"async\" width=\"1024\" height=\"678\" src=\"https:\/\/donfosscamping.no\/wp-content\/uploads\/2023\/03\/First-day_Donfoss-e1680156719440-1024x678.jpg\" alt=\"F\u00f8rste \u00e5pningsdag p\u00e5 D\u00f8nfoss. Flagget heises.\" class=\"wp-image-1219 size-full\" srcset=\"https:\/\/donfosscamping.no\/wp-content\/uploads\/2023\/03\/First-day_Donfoss-e1680156719440-1024x678.jpg 1024w, https:\/\/donfosscamping.no\/wp-content\/uploads\/2023\/03\/First-day_Donfoss-e1680156719440-300x199.jpg 300w, https:\/\/donfosscamping.no\/wp-content\/uploads\/2023\/03\/First-day_Donfoss-e1680156719440-768x509.jpg 768w, https:\/\/donfosscamping.no\/wp-content\/uploads\/2023\/03\/First-day_Donfoss-e1680156719440-1536x1018.jpg 1536w, https:\/\/donfosscamping.no\/wp-content\/uploads\/2023\/03\/First-day_Donfoss-e1680156719440-500x331.jpg 500w, https:\/\/donfosscamping.no\/wp-content\/uploads\/2023\/03\/First-day_Donfoss-e1680156719440.jpg 2006w\" sizes=\"auto, (max-width: 1024px) 100vw, 1024px\" \/><\/figure><div class=\"wp-block-media-text__content\">\n<h2 class=\"wp-block-heading\">HISTORY<\/h2>\n\n\n\n<p>In 1990, Oddbj\u00f8rn and Oddny Aaboen established D\u00f8nfoss Camping on a wooded rocky outcrop by D\u00f8nfoss waterfall.<\/p>\n\n\n\n<p> Oddbj\u00f8rn had been passing by the area daily for years and envisioned the potential of the location, with a pool by the waterfall that could become a beautiful swimming spot surrounded by fantastic nature. You can still see the giant&#8217;s cauldrons located beneath the pool. From the beginning, the focus was on everything blending naturally into the terrain and using natural materials.<\/p>\n\n\n\n<p>Initially, there was a small kiosk, a few caravan spaces, and the swimming pool. Over time, it was gradually expanded with cabins and more caravan spaces. Oddbj\u00f8rn himself participated in log construction for the cabins and made many of the furniture pieces on the site.<\/p>\n\n\n\n<p>The current owners have continued this philosophy. For example, the campsite has its own carpentry workshop where furniture, kitchen fittings, and panelling for the buildings on the campsite are made. The campsite is expanded and renovated each year.<\/p>\n\n\n\n<p>D\u00f8nfoss Camping has received awards and accolades multiple times over the years. The goal going forward is to continue being one of Norway&#8217;s finest and best campsites, where you will feel well taken care of from the moment you enter the gate.<\/p>\n\n\n\n<p><\/p>\n\n\n\n<p><em>Bilde: Oddbj\u00f8rn Aaboen he<em>Image: Oddbj\u00f8rn Aaboen raising the flag on opening day, July 1, 1990.<\/em>iser flagget p\u00e5 \u00e5pningsdagen 1. Juli 1990.<\/em><\/p>\n<\/div><\/div>\n\n\n\n<div style=\"height:100px\" aria-hidden=\"true\" class=\"wp-block-spacer\"><\/div>\n\n\n\n<div class=\"wp-block-columns is-layout-flex wp-container-core-columns-is-layout-9d6595d7 wp-block-columns-is-layout-flex\">\n<div class=\"wp-block-column is-layout-flow wp-block-column-is-layout-flow\" style=\"flex-basis:33.33%\">\n<h2 class=\"wp-block-heading\">HOSTS<\/h2>\n<\/div>\n\n\n\n<div class=\"wp-block-column is-layout-flow wp-block-column-is-layout-flow\" style=\"flex-basis:66.66%\">\n<p>D\u00f8nfoss Camping is a family-run campsite. Oddny and Oddbj\u00f8rn Aaboen developed the site stone by stone and log by log.<\/p>\n\n\n\n<p>In 2015, Charlotta Ericsson and Frode Aaboen took over the reins and are now the owners and operators of the campsite. With the same love for the place, they continue to build upon it with the help of their three enthusiastic children. Customer satisfaction is their focus, and you are likely to meet them when you visit us.<\/p>\n<\/div>\n<\/div>\n\n\n\n<figure class=\"wp-block-image size-large\"><img loading=\"lazy\" decoding=\"async\" width=\"1024\" height=\"683\" src=\"https:\/\/donfosscamping.no\/wp-content\/uploads\/2023\/03\/T9A0955-1024x683.jpg\" alt=\"\" class=\"wp-image-137\" srcset=\"https:\/\/donfosscamping.no\/wp-content\/uploads\/2023\/03\/T9A0955-1024x683.jpg 1024w, https:\/\/donfosscamping.no\/wp-content\/uploads\/2023\/03\/T9A0955-300x200.jpg 300w, https:\/\/donfosscamping.no\/wp-content\/uploads\/2023\/03\/T9A0955-768x512.jpg 768w, https:\/\/donfosscamping.no\/wp-content\/uploads\/2023\/03\/T9A0955-1536x1025.jpg 1536w, https:\/\/donfosscamping.no\/wp-content\/uploads\/2023\/03\/T9A0955-500x334.jpg 500w, https:\/\/donfosscamping.no\/wp-content\/uploads\/2023\/03\/T9A0955.jpg 2000w\" sizes=\"auto, (max-width: 1024px) 100vw, 1024px\" \/><\/figure>\n\n\n\n<div style=\"height:0px\" aria-hidden=\"true\" class=\"wp-block-spacer\"><\/div>\n","protected":false},"excerpt":{"rendered":"<p>ABOUT D\u00d8NFOSS CAMPING D\u00f8nfoss Camping is located by the majestic D\u00f8nfoss waterfall in scenic surroundings along R.V. 15 in Skj\u00e5k &#8230;<\/p>\n","protected":false},"author":1,"featured_media":0,"parent":0,"menu_order":0,"comment_status":"closed","ping_status":"closed","template":"","meta":{"_acf_changed":false,"inline_featured_image":false,"_uag_custom_page_level_css":"","footnotes":""},"class_list":["post-1519","page","type-page","status-publish","hentry"],"acf":[],"yoast_head":"<!-- This site is optimized with the Yoast SEO plugin v27.3 - https:\/\/yoast.com\/product\/yoast-seo-wordpress\/ -->\n<title>About us - D\u00f8nfoss Camping<\/title>\n<meta name=\"robots\" content=\"index, follow, max-snippet:-1, max-image-preview:large, max-video-preview:-1\" \/>\n<link rel=\"canonical\" href=\"https:\/\/donfosscamping.no\/en\/about-us\/\" \/>\n<meta property=\"og:locale\" content=\"en_US\" \/>\n<meta property=\"og:type\" content=\"article\" \/>\n<meta property=\"og:title\" content=\"About us - D\u00f8nfoss Camping\" \/>\n<meta property=\"og:description\" content=\"ABOUT D\u00d8NFOSS CAMPING D\u00f8nfoss Camping is located by the majestic D\u00f8nfoss waterfall in scenic surroundings along R.V. 15 in Skj\u00e5k ...\" \/>\n<meta property=\"og:url\" content=\"https:\/\/donfosscamping.no\/en\/about-us\/\" \/>\n<meta property=\"og:site_name\" content=\"D\u00f8nfoss Camping\" \/>\n<meta property=\"article:modified_time\" content=\"2023-06-22T11:21:36+00:00\" \/>\n<meta property=\"og:image\" content=\"https:\/\/donfosscamping.no\/wp-content\/uploads\/2023\/03\/DJI_0657.jpg\" \/>\n<meta name=\"twitter:card\" content=\"summary_large_image\" \/>\n<meta name=\"twitter:label1\" content=\"Est. reading time\" \/>\n\t<meta name=\"twitter:data1\" content=\"4 minutes\" \/>\n<script type=\"application\/ld+json\" class=\"yoast-schema-graph\">{\"@context\":\"https:\\\/\\\/schema.org\",\"@graph\":[{\"@type\":\"WebPage\",\"@id\":\"https:\\\/\\\/donfosscamping.no\\\/en\\\/about-us\\\/\",\"url\":\"https:\\\/\\\/donfosscamping.no\\\/en\\\/about-us\\\/\",\"name\":\"About us - D\u00f8nfoss Camping\",\"isPartOf\":{\"@id\":\"https:\\\/\\\/donfosscamping.no\\\/#website\"},\"primaryImageOfPage\":{\"@id\":\"https:\\\/\\\/donfosscamping.no\\\/en\\\/about-us\\\/#primaryimage\"},\"image\":{\"@id\":\"https:\\\/\\\/donfosscamping.no\\\/en\\\/about-us\\\/#primaryimage\"},\"thumbnailUrl\":\"https:\\\/\\\/donfosscamping.no\\\/wp-content\\\/uploads\\\/2023\\\/03\\\/DJI_0657.jpg\",\"datePublished\":\"2023-02-06T14:31:42+00:00\",\"dateModified\":\"2023-06-22T11:21:36+00:00\",\"breadcrumb\":{\"@id\":\"https:\\\/\\\/donfosscamping.no\\\/en\\\/about-us\\\/#breadcrumb\"},\"inLanguage\":\"en-US\",\"potentialAction\":[{\"@type\":\"ReadAction\",\"target\":[\"https:\\\/\\\/donfosscamping.no\\\/en\\\/about-us\\\/\"]}]},{\"@type\":\"ImageObject\",\"inLanguage\":\"en-US\",\"@id\":\"https:\\\/\\\/donfosscamping.no\\\/en\\\/about-us\\\/#primaryimage\",\"url\":\"https:\\\/\\\/donfosscamping.no\\\/wp-content\\\/uploads\\\/2023\\\/03\\\/DJI_0657.jpg\",\"contentUrl\":\"https:\\\/\\\/donfosscamping.no\\\/wp-content\\\/uploads\\\/2023\\\/03\\\/DJI_0657.jpg\"},{\"@type\":\"BreadcrumbList\",\"@id\":\"https:\\\/\\\/donfosscamping.no\\\/en\\\/about-us\\\/#breadcrumb\",\"itemListElement\":[{\"@type\":\"ListItem\",\"position\":1,\"name\":\"Hjem\",\"item\":\"https:\\\/\\\/donfosscamping.no\\\/en\\\/\"},{\"@type\":\"ListItem\",\"position\":2,\"name\":\"About us\"}]},{\"@type\":\"WebSite\",\"@id\":\"https:\\\/\\\/donfosscamping.no\\\/#website\",\"url\":\"https:\\\/\\\/donfosscamping.no\\\/\",\"name\":\"D\u00f8nfoss Camping\",\"description\":\"\",\"publisher\":{\"@id\":\"https:\\\/\\\/donfosscamping.no\\\/#organization\"},\"potentialAction\":[{\"@type\":\"SearchAction\",\"target\":{\"@type\":\"EntryPoint\",\"urlTemplate\":\"https:\\\/\\\/donfosscamping.no\\\/?s={search_term_string}\"},\"query-input\":{\"@type\":\"PropertyValueSpecification\",\"valueRequired\":true,\"valueName\":\"search_term_string\"}}],\"inLanguage\":\"en-US\"},{\"@type\":\"Organization\",\"@id\":\"https:\\\/\\\/donfosscamping.no\\\/#organization\",\"name\":\"D\u00f8nfoss Camping\",\"url\":\"https:\\\/\\\/donfosscamping.no\\\/\",\"logo\":{\"@type\":\"ImageObject\",\"inLanguage\":\"en-US\",\"@id\":\"https:\\\/\\\/donfosscamping.no\\\/#\\\/schema\\\/logo\\\/image\\\/\",\"url\":\"https:\\\/\\\/donfosscamping.no\\\/wp-content\\\/uploads\\\/2023\\\/02\\\/Donfoss-Camping-Logo_river.svg\",\"contentUrl\":\"https:\\\/\\\/donfosscamping.no\\\/wp-content\\\/uploads\\\/2023\\\/02\\\/Donfoss-Camping-Logo_river.svg\",\"caption\":\"D\u00f8nfoss Camping\"},\"image\":{\"@id\":\"https:\\\/\\\/donfosscamping.no\\\/#\\\/schema\\\/logo\\\/image\\\/\"}}]}<\/script>\n<!-- \/ Yoast SEO plugin. -->","yoast_head_json":{"title":"About us - D\u00f8nfoss Camping","robots":{"index":"index","follow":"follow","max-snippet":"max-snippet:-1","max-image-preview":"max-image-preview:large","max-video-preview":"max-video-preview:-1"},"canonical":"https:\/\/donfosscamping.no\/en\/about-us\/","og_locale":"en_US","og_type":"article","og_title":"About us - D\u00f8nfoss Camping","og_description":"ABOUT D\u00d8NFOSS CAMPING D\u00f8nfoss Camping is located by the majestic D\u00f8nfoss waterfall in scenic surroundings along R.V. 15 in Skj\u00e5k ...","og_url":"https:\/\/donfosscamping.no\/en\/about-us\/","og_site_name":"D\u00f8nfoss Camping","article_modified_time":"2023-06-22T11:21:36+00:00","og_image":[{"url":"https:\/\/donfosscamping.no\/wp-content\/uploads\/2023\/03\/DJI_0657.jpg","type":"","width":"","height":""}],"twitter_card":"summary_large_image","twitter_misc":{"Est. reading time":"4 minutes"},"schema":{"@context":"https:\/\/schema.org","@graph":[{"@type":"WebPage","@id":"https:\/\/donfosscamping.no\/en\/about-us\/","url":"https:\/\/donfosscamping.no\/en\/about-us\/","name":"About us - D\u00f8nfoss Camping","isPartOf":{"@id":"https:\/\/donfosscamping.no\/#website"},"primaryImageOfPage":{"@id":"https:\/\/donfosscamping.no\/en\/about-us\/#primaryimage"},"image":{"@id":"https:\/\/donfosscamping.no\/en\/about-us\/#primaryimage"},"thumbnailUrl":"https:\/\/donfosscamping.no\/wp-content\/uploads\/2023\/03\/DJI_0657.jpg","datePublished":"2023-02-06T14:31:42+00:00","dateModified":"2023-06-22T11:21:36+00:00","breadcrumb":{"@id":"https:\/\/donfosscamping.no\/en\/about-us\/#breadcrumb"},"inLanguage":"en-US","potentialAction":[{"@type":"ReadAction","target":["https:\/\/donfosscamping.no\/en\/about-us\/"]}]},{"@type":"ImageObject","inLanguage":"en-US","@id":"https:\/\/donfosscamping.no\/en\/about-us\/#primaryimage","url":"https:\/\/donfosscamping.no\/wp-content\/uploads\/2023\/03\/DJI_0657.jpg","contentUrl":"https:\/\/donfosscamping.no\/wp-content\/uploads\/2023\/03\/DJI_0657.jpg"},{"@type":"BreadcrumbList","@id":"https:\/\/donfosscamping.no\/en\/about-us\/#breadcrumb","itemListElement":[{"@type":"ListItem","position":1,"name":"Hjem","item":"https:\/\/donfosscamping.no\/en\/"},{"@type":"ListItem","position":2,"name":"About us"}]},{"@type":"WebSite","@id":"https:\/\/donfosscamping.no\/#website","url":"https:\/\/donfosscamping.no\/","name":"D\u00f8nfoss Camping","description":"","publisher":{"@id":"https:\/\/donfosscamping.no\/#organization"},"potentialAction":[{"@type":"SearchAction","target":{"@type":"EntryPoint","urlTemplate":"https:\/\/donfosscamping.no\/?s={search_term_string}"},"query-input":{"@type":"PropertyValueSpecification","valueRequired":true,"valueName":"search_term_string"}}],"inLanguage":"en-US"},{"@type":"Organization","@id":"https:\/\/donfosscamping.no\/#organization","name":"D\u00f8nfoss Camping","url":"https:\/\/donfosscamping.no\/","logo":{"@type":"ImageObject","inLanguage":"en-US","@id":"https:\/\/donfosscamping.no\/#\/schema\/logo\/image\/","url":"https:\/\/donfosscamping.no\/wp-content\/uploads\/2023\/02\/Donfoss-Camping-Logo_river.svg","contentUrl":"https:\/\/donfosscamping.no\/wp-content\/uploads\/2023\/02\/Donfoss-Camping-Logo_river.svg","caption":"D\u00f8nfoss Camping"},"image":{"@id":"https:\/\/donfosscamping.no\/#\/schema\/logo\/image\/"}}]}},"uagb_featured_image_src":{"full":false,"thumbnail":false,"medium":false,"medium_large":false,"large":false,"1536x1536":false,"2048x2048":false,"logo":false,"main_banner":false,"main_banner_mobile":false,"header_image":false,"home_posts":false,"home_posts_square":false,"archive":false,"archive_square":false,"gform-image-choice-sm":false,"gform-image-choice-md":false,"gform-image-choice-lg":false},"uagb_author_info":{"display_name":"hausbyra","author_link":"https:\/\/donfosscamping.no\/en\/author\/hausbyra\/"},"uagb_comment_info":0,"uagb_excerpt":"ABOUT D\u00d8NFOSS CAMPING D\u00f8nfoss Camping is located by the majestic D\u00f8nfoss waterfall in scenic surroundings along R.V. 15 in Skj\u00e5k ...","_links":{"self":[{"href":"https:\/\/donfosscamping.no\/en\/wp-json\/wp\/v2\/pages\/1519","targetHints":{"allow":["GET"]}}],"collection":[{"href":"https:\/\/donfosscamping.no\/en\/wp-json\/wp\/v2\/pages"}],"about":[{"href":"https:\/\/donfosscamping.no\/en\/wp-json\/wp\/v2\/types\/page"}],"author":[{"embeddable":true,"href":"https:\/\/donfosscamping.no\/en\/wp-json\/wp\/v2\/users\/1"}],"replies":[{"embeddable":true,"href":"https:\/\/donfosscamping.no\/en\/wp-json\/wp\/v2\/comments?post=1519"}],"version-history":[{"count":5,"href":"https:\/\/donfosscamping.no\/en\/wp-json\/wp\/v2\/pages\/1519\/revisions"}],"predecessor-version":[{"id":1921,"href":"https:\/\/donfosscamping.no\/en\/wp-json\/wp\/v2\/pages\/1519\/revisions\/1921"}],"wp:attachment":[{"href":"https:\/\/donfosscamping.no\/en\/wp-json\/wp\/v2\/media?parent=1519"}],"curies":[{"name":"wp","href":"https:\/\/api.w.org\/{rel}","templated":true}]}}