{"id":1535,"date":"2023-02-06T15:31:17","date_gmt":"2023-02-06T14:31:17","guid":{"rendered":"https:\/\/donfosscamping.no\/?page_id=1535"},"modified":"2026-04-23T07:54:36","modified_gmt":"2026-04-23T05:54:36","slug":"restaurant","status":"publish","type":"page","link":"https:\/\/donfosscamping.no\/en\/restaurant\/","title":{"rendered":"Restaurant"},"content":{"rendered":"\n<div class=\"wp-block-cover alignwide is-light\" style=\"min-height:500px;aspect-ratio:unset;\"><img loading=\"lazy\" decoding=\"async\" width=\"2000\" height=\"1334\" class=\"wp-block-cover__image-background wp-image-295\" alt=\"Servit\u00f8r i sving med mat i restauranten.\" src=\"https:\/\/donfosscamping.no\/wp-content\/uploads\/2023\/03\/T9A1336.jpg\" style=\"object-position:61% 24%\" data-object-fit=\"cover\" data-object-position=\"61% 24%\" srcset=\"https:\/\/donfosscamping.no\/wp-content\/uploads\/2023\/03\/T9A1336.jpg 2000w, https:\/\/donfosscamping.no\/wp-content\/uploads\/2023\/03\/T9A1336-300x200.jpg 300w, https:\/\/donfosscamping.no\/wp-content\/uploads\/2023\/03\/T9A1336-1024x683.jpg 1024w, https:\/\/donfosscamping.no\/wp-content\/uploads\/2023\/03\/T9A1336-768x512.jpg 768w, https:\/\/donfosscamping.no\/wp-content\/uploads\/2023\/03\/T9A1336-1536x1025.jpg 1536w, https:\/\/donfosscamping.no\/wp-content\/uploads\/2023\/03\/T9A1336-500x334.jpg 500w\" sizes=\"auto, (max-width: 2000px) 100vw, 2000px\" \/><span aria-hidden=\"true\" class=\"wp-block-cover__background has-background-dim-0 has-background-dim\"><\/span><div class=\"wp-block-cover__inner-container is-layout-flow wp-block-cover-is-layout-flow\">\n<p class=\"has-text-align-center has-large-font-size\"><\/p>\n<\/div><\/div>\n\n\n\n<div class=\"wp-block-columns is-layout-flex wp-container-core-columns-is-layout-9d6595d7 wp-block-columns-is-layout-flex\">\n<div class=\"wp-block-column is-layout-flow wp-block-column-is-layout-flow\">\n<h1 class=\"wp-block-heading\">RESTAURANT<\/h1>\n<\/div>\n\n\n\n<div class=\"wp-block-column is-layout-flow wp-block-column-is-layout-flow\">\n<p>You can enjoy a delicious meal with stunning views of the swimming pool, the spectacular D\u00f8nfoss waterfall, and the magnificent hiking areas such as Skjellom, Tundradalen, and Breheimen National Park.<\/p>\n\n\n\n<div class=\"wp-block-group\"><div class=\"wp-block-group__inner-container is-layout-constrained wp-block-group-is-layout-constrained\">\n<p>In 2021, we built a new restaurant with large windows and ample space. We also have plenty of seating available on the terrace and rooftop.<\/p>\n\n\n\n<p><\/p>\n<\/div><\/div>\n\n\n\n<div style=\"height:55px\" aria-hidden=\"true\" class=\"wp-block-spacer\"><\/div>\n\n\n\n<h3 class=\"wp-block-heading\"><strong>OPENING HOURS &#8211; HIGH SEASON<\/strong><\/h3>\n\n\n\n<p><em>Opening hours may vary during the season, including low, mid, and high season<\/em><\/p>\n<\/div>\n<\/div>\n\n\n\n<div style=\"height:35px\" aria-hidden=\"true\" class=\"wp-block-spacer\"><\/div>\n\n\n\n<div class=\"wp-block-cover alignfull\" style=\"min-height:800px;aspect-ratio:unset;\"><img loading=\"lazy\" decoding=\"async\" width=\"2560\" height=\"1706\" class=\"wp-block-cover__image-background wp-image-626\" alt=\"Naturbilde fra \u00f8verst i J\u00f8ingsdalen. Utsikt utover Skj\u00e5k.\" src=\"https:\/\/donfosscamping.no\/wp-content\/uploads\/2023\/03\/IMG_2140-scaled.jpg\" data-object-fit=\"cover\" srcset=\"https:\/\/donfosscamping.no\/wp-content\/uploads\/2023\/03\/IMG_2140-scaled.jpg 2560w, https:\/\/donfosscamping.no\/wp-content\/uploads\/2023\/03\/IMG_2140-300x200.jpg 300w, https:\/\/donfosscamping.no\/wp-content\/uploads\/2023\/03\/IMG_2140-1024x683.jpg 1024w, https:\/\/donfosscamping.no\/wp-content\/uploads\/2023\/03\/IMG_2140-768x512.jpg 768w, https:\/\/donfosscamping.no\/wp-content\/uploads\/2023\/03\/IMG_2140-1536x1024.jpg 1536w, https:\/\/donfosscamping.no\/wp-content\/uploads\/2023\/03\/IMG_2140-2048x1365.jpg 2048w, https:\/\/donfosscamping.no\/wp-content\/uploads\/2023\/03\/IMG_2140-500x333.jpg 500w\" sizes=\"auto, (max-width: 2560px) 100vw, 2560px\" \/><span aria-hidden=\"true\" class=\"wp-block-cover__background has-background-dim-70 has-background-dim\"><\/span><div class=\"wp-block-cover__inner-container is-layout-flow wp-block-cover-is-layout-flow\">\n<h2 class=\"wp-block-heading alignwide has-text-color\" style=\"color:#ffe074;font-size:64px\">MENY<\/h2>\n\n\n\n<div class=\"wp-block-columns alignwide is-layout-flex wp-container-core-columns-is-layout-9d6595d7 wp-block-columns-is-layout-flex\">\n<div class=\"wp-block-column is-layout-flow wp-block-column-is-layout-flow\" style=\"flex-basis:55%\">\n<h3 class=\"wp-block-heading has-white-color has-text-color\"><strong>ITALIAN PIZZA<\/strong><\/h3>\n\n\n\n<ul class=\"wp-block-list\">\n<li><strong>Tundradalen&nbsp;<\/strong><br><em>Tomato sauce, cheese, ham<\/em><\/li>\n\n\n\n<li><strong>Breheimen<\/strong><br><em>Tomato sauce, cheese, pepperoni<\/em><\/li>\n\n\n\n<li><strong>Jotunheimen<\/strong>&nbsp;&nbsp;<br><em>Tomato sauce, cheese, bell peppers, pineapple, red onion, olives, and feta cheese<\/em><\/li>\n\n\n\n<li><strong>Skjellom<\/strong>&nbsp; &nbsp;&nbsp;<br><em>Tomato sauce, Jarlsberg cheese, brie, gorgonzola, V\u00e4sterbotten cheese<\/em><\/li>\n\n\n\n<li><strong>Reinheimen<\/strong><br><em>Tomato sauce, cheese, Parma ham, arugula, Parmesan, pine nuts<\/em><\/li>\n\n\n\n<li><strong>D\u00f8nfoss<\/strong>&nbsp;&nbsp;<br><em>Tomato sauce, cheese, Parma ham, gorgonzola, pear, walnut, honey<\/em><\/li>\n<\/ul>\n<\/div>\n\n\n\n<div class=\"wp-block-column is-layout-flow wp-block-column-is-layout-flow\">\n<h3 class=\"wp-block-heading has-white-color has-text-color\">HAMBURGER 170g<\/h3>\n\n\n\n<ul class=\"wp-block-list\">\n<li><strong>Cheeseburger<\/strong>&nbsp;&nbsp;&nbsp;<br><em>Cheddar cheese, hamburger dressing, pickled red onions<\/em><\/li>\n\n\n\n<li><strong>BBQ-burger<\/strong>&nbsp;&nbsp;&nbsp;<br><em>Cheese, pineapple, BBQ dressing, pickled red onions<\/em><\/li>\n\n\n\n<li><strong>Bluecheeseburger<\/strong>&nbsp; &nbsp;&nbsp;<br><em>Cheese, blue cheese dressing, pickled red onions<\/em><\/li>\n<\/ul>\n\n\n\n<ul class=\"wp-block-list\">\n<li><strong>Kids\u00b4burger<\/strong> 100g<\/li>\n<\/ul>\n\n\n\n<p><em>&nbsp;<\/em><\/p>\n<\/div>\n<\/div>\n\n\n\n<div style=\"height:23px\" aria-hidden=\"true\" class=\"wp-block-spacer\"><\/div>\n\n\n\n<div class=\"wp-block-group\"><div class=\"wp-block-group__inner-container is-layout-constrained wp-block-group-is-layout-constrained\">\n<p class=\"has-luminous-vivid-amber-color has-text-color\"><em>The food tastes best when freshly made and served at your table, but we also offer takeaway service for most dishes.<\/em><\/p>\n<\/div><\/div>\n<\/div><\/div>\n\n\n\n<div style=\"height:35px\" aria-hidden=\"true\" class=\"wp-block-spacer\"><\/div>\n\n\n\n<div class=\"wp-block-columns is-layout-flex wp-container-core-columns-is-layout-9d6595d7 wp-block-columns-is-layout-flex\">\n<div class=\"wp-block-column is-layout-flow wp-block-column-is-layout-flow\">\n<figure class=\"wp-block-image size-large\"><img loading=\"lazy\" decoding=\"async\" width=\"1334\" height=\"1334\" src=\"https:\/\/donfosscamping.no\/wp-content\/uploads\/2023\/03\/T9A1396-edited.jpg\" alt=\"Servit\u00f8r i sving med mat i restauranten.\" class=\"wp-image-514\" srcset=\"https:\/\/donfosscamping.no\/wp-content\/uploads\/2023\/03\/T9A1396-edited.jpg 1334w, https:\/\/donfosscamping.no\/wp-content\/uploads\/2023\/03\/T9A1396-edited-300x300.jpg 300w, https:\/\/donfosscamping.no\/wp-content\/uploads\/2023\/03\/T9A1396-edited-1024x1024.jpg 1024w, https:\/\/donfosscamping.no\/wp-content\/uploads\/2023\/03\/T9A1396-edited-150x150.jpg 150w, https:\/\/donfosscamping.no\/wp-content\/uploads\/2023\/03\/T9A1396-edited-768x768.jpg 768w, https:\/\/donfosscamping.no\/wp-content\/uploads\/2023\/03\/T9A1396-edited-500x500.jpg 500w, https:\/\/donfosscamping.no\/wp-content\/uploads\/2023\/03\/T9A1396-edited-555x555.jpg 555w, https:\/\/donfosscamping.no\/wp-content\/uploads\/2023\/03\/T9A1396-edited-581x581.jpg 581w\" sizes=\"auto, (max-width: 1334px) 100vw, 1334px\" \/><\/figure>\n<\/div>\n\n\n\n<div class=\"wp-block-column is-layout-flow wp-block-column-is-layout-flow\">\n<figure class=\"wp-block-image size-large\"><img loading=\"lazy\" decoding=\"async\" width=\"1334\" height=\"1334\" src=\"https:\/\/donfosscamping.no\/wp-content\/uploads\/2023\/03\/T9A1348-edited.jpg\" alt=\"Interi\u00f8rbilde fra restauranten.\" class=\"wp-image-516\" srcset=\"https:\/\/donfosscamping.no\/wp-content\/uploads\/2023\/03\/T9A1348-edited.jpg 1334w, https:\/\/donfosscamping.no\/wp-content\/uploads\/2023\/03\/T9A1348-edited-300x300.jpg 300w, https:\/\/donfosscamping.no\/wp-content\/uploads\/2023\/03\/T9A1348-edited-1024x1024.jpg 1024w, https:\/\/donfosscamping.no\/wp-content\/uploads\/2023\/03\/T9A1348-edited-150x150.jpg 150w, https:\/\/donfosscamping.no\/wp-content\/uploads\/2023\/03\/T9A1348-edited-768x768.jpg 768w, https:\/\/donfosscamping.no\/wp-content\/uploads\/2023\/03\/T9A1348-edited-500x500.jpg 500w, https:\/\/donfosscamping.no\/wp-content\/uploads\/2023\/03\/T9A1348-edited-555x555.jpg 555w, https:\/\/donfosscamping.no\/wp-content\/uploads\/2023\/03\/T9A1348-edited-581x581.jpg 581w\" sizes=\"auto, (max-width: 1334px) 100vw, 1334px\" \/><\/figure>\n<\/div>\n\n\n\n<div class=\"wp-block-column is-layout-flow wp-block-column-is-layout-flow\">\n<figure class=\"wp-block-image size-large\"><img loading=\"lazy\" decoding=\"async\" width=\"1334\" height=\"1334\" src=\"https:\/\/donfosscamping.no\/wp-content\/uploads\/2023\/03\/T9A1415-edited.jpg\" alt=\"Interi\u00f8rbilde fra restauranten, meny.\" class=\"wp-image-518\" srcset=\"https:\/\/donfosscamping.no\/wp-content\/uploads\/2023\/03\/T9A1415-edited.jpg 1334w, https:\/\/donfosscamping.no\/wp-content\/uploads\/2023\/03\/T9A1415-edited-300x300.jpg 300w, https:\/\/donfosscamping.no\/wp-content\/uploads\/2023\/03\/T9A1415-edited-1024x1024.jpg 1024w, https:\/\/donfosscamping.no\/wp-content\/uploads\/2023\/03\/T9A1415-edited-150x150.jpg 150w, https:\/\/donfosscamping.no\/wp-content\/uploads\/2023\/03\/T9A1415-edited-768x768.jpg 768w, https:\/\/donfosscamping.no\/wp-content\/uploads\/2023\/03\/T9A1415-edited-500x500.jpg 500w, https:\/\/donfosscamping.no\/wp-content\/uploads\/2023\/03\/T9A1415-edited-555x555.jpg 555w, https:\/\/donfosscamping.no\/wp-content\/uploads\/2023\/03\/T9A1415-edited-581x581.jpg 581w\" sizes=\"auto, (max-width: 1334px) 100vw, 1334px\" \/><\/figure>\n<\/div>\n<\/div>\n\n\n\n<div class=\"wp-block-columns is-layout-flex wp-container-core-columns-is-layout-9d6595d7 wp-block-columns-is-layout-flex\">\n<div class=\"wp-block-column is-layout-flow wp-block-column-is-layout-flow\">\n<figure class=\"wp-block-image size-large\"><img loading=\"lazy\" decoding=\"async\" width=\"1334\" height=\"1334\" src=\"https:\/\/donfosscamping.no\/wp-content\/uploads\/2023\/03\/T9A1383-edited.jpg\" alt=\"Gjester koser seg med mat p\u00e5 takterrassen p\u00e5 restauranten i. solnedgang.\" class=\"wp-image-523\" srcset=\"https:\/\/donfosscamping.no\/wp-content\/uploads\/2023\/03\/T9A1383-edited.jpg 1334w, https:\/\/donfosscamping.no\/wp-content\/uploads\/2023\/03\/T9A1383-edited-300x300.jpg 300w, https:\/\/donfosscamping.no\/wp-content\/uploads\/2023\/03\/T9A1383-edited-1024x1024.jpg 1024w, https:\/\/donfosscamping.no\/wp-content\/uploads\/2023\/03\/T9A1383-edited-150x150.jpg 150w, https:\/\/donfosscamping.no\/wp-content\/uploads\/2023\/03\/T9A1383-edited-768x768.jpg 768w, https:\/\/donfosscamping.no\/wp-content\/uploads\/2023\/03\/T9A1383-edited-500x500.jpg 500w, https:\/\/donfosscamping.no\/wp-content\/uploads\/2023\/03\/T9A1383-edited-555x555.jpg 555w, https:\/\/donfosscamping.no\/wp-content\/uploads\/2023\/03\/T9A1383-edited-581x581.jpg 581w\" sizes=\"auto, (max-width: 1334px) 100vw, 1334px\" \/><\/figure>\n<\/div>\n\n\n\n<div class=\"wp-block-column is-layout-flow wp-block-column-is-layout-flow\">\n<figure class=\"wp-block-image size-large\"><img loading=\"lazy\" decoding=\"async\" width=\"1334\" height=\"1334\" src=\"https:\/\/donfosscamping.no\/wp-content\/uploads\/2023\/03\/T9A1385-edited.jpg\" alt=\"Gjester koser seg med mat i restauranten.\" class=\"wp-image-525\" srcset=\"https:\/\/donfosscamping.no\/wp-content\/uploads\/2023\/03\/T9A1385-edited.jpg 1334w, https:\/\/donfosscamping.no\/wp-content\/uploads\/2023\/03\/T9A1385-edited-300x300.jpg 300w, https:\/\/donfosscamping.no\/wp-content\/uploads\/2023\/03\/T9A1385-edited-1024x1024.jpg 1024w, https:\/\/donfosscamping.no\/wp-content\/uploads\/2023\/03\/T9A1385-edited-150x150.jpg 150w, https:\/\/donfosscamping.no\/wp-content\/uploads\/2023\/03\/T9A1385-edited-768x768.jpg 768w, https:\/\/donfosscamping.no\/wp-content\/uploads\/2023\/03\/T9A1385-edited-500x500.jpg 500w, https:\/\/donfosscamping.no\/wp-content\/uploads\/2023\/03\/T9A1385-edited-555x555.jpg 555w, https:\/\/donfosscamping.no\/wp-content\/uploads\/2023\/03\/T9A1385-edited-581x581.jpg 581w\" sizes=\"auto, (max-width: 1334px) 100vw, 1334px\" \/><\/figure>\n<\/div>\n\n\n\n<div class=\"wp-block-column is-layout-flow wp-block-column-is-layout-flow\">\n<figure class=\"wp-block-image size-large\"><img loading=\"lazy\" decoding=\"async\" width=\"1334\" height=\"1334\" src=\"https:\/\/donfosscamping.no\/wp-content\/uploads\/2023\/03\/T9A1187-edited.jpg\" alt=\"Glade jenter spiser is i sola.\" class=\"wp-image-527\" srcset=\"https:\/\/donfosscamping.no\/wp-content\/uploads\/2023\/03\/T9A1187-edited.jpg 1334w, https:\/\/donfosscamping.no\/wp-content\/uploads\/2023\/03\/T9A1187-edited-300x300.jpg 300w, https:\/\/donfosscamping.no\/wp-content\/uploads\/2023\/03\/T9A1187-edited-1024x1024.jpg 1024w, https:\/\/donfosscamping.no\/wp-content\/uploads\/2023\/03\/T9A1187-edited-150x150.jpg 150w, https:\/\/donfosscamping.no\/wp-content\/uploads\/2023\/03\/T9A1187-edited-768x768.jpg 768w, https:\/\/donfosscamping.no\/wp-content\/uploads\/2023\/03\/T9A1187-edited-500x500.jpg 500w, https:\/\/donfosscamping.no\/wp-content\/uploads\/2023\/03\/T9A1187-edited-555x555.jpg 555w, https:\/\/donfosscamping.no\/wp-content\/uploads\/2023\/03\/T9A1187-edited-581x581.jpg 581w\" sizes=\"auto, (max-width: 1334px) 100vw, 1334px\" \/><\/figure>\n<\/div>\n<\/div>\n\n\n\n<div class=\"wp-block-media-text alignwide has-media-on-the-right is-stacked-on-mobile is-vertically-aligned-center has-background uag-hide-desktop uag-hide-tab uag-hide-mob\" style=\"background:linear-gradient(135deg,rgb(175,211,209) 0%,rgb(175,211,209) 100%);grid-template-columns:auto 44%\"><div class=\"wp-block-media-text__content\">\n<div class=\"wp-block-group\" style=\"padding-top:2em;padding-right:2em;padding-bottom:2em;padding-left:2em\"><div class=\"wp-block-group__inner-container is-layout-flow wp-block-group-is-layout-flow\">\n<h2 class=\"wp-block-heading\" style=\"font-size:2.5rem;font-weight:700;line-height:1.15\">BREAKFAST<\/h2>\n\n\n\n<p>Information will be published<\/p>\n\n\n\n<p><\/p>\n<\/div><\/div>\n<\/div><figure class=\"wp-block-media-text__media\"><img loading=\"lazy\" decoding=\"async\" width=\"1024\" height=\"677\" src=\"https:\/\/donfosscamping.no\/wp-content\/uploads\/2023\/08\/Frukost_a-scaled-e1691477582190-1024x677.jpg\" alt=\"Frukost. Koldtbord ved D\u00f8nfoss camping.\" class=\"wp-image-1963 size-full\" srcset=\"https:\/\/donfosscamping.no\/wp-content\/uploads\/2023\/08\/Frukost_a-scaled-e1691477582190-1024x677.jpg 1024w, https:\/\/donfosscamping.no\/wp-content\/uploads\/2023\/08\/Frukost_a-scaled-e1691477582190-300x198.jpg 300w, https:\/\/donfosscamping.no\/wp-content\/uploads\/2023\/08\/Frukost_a-scaled-e1691477582190-768x508.jpg 768w, https:\/\/donfosscamping.no\/wp-content\/uploads\/2023\/08\/Frukost_a-scaled-e1691477582190-1536x1016.jpg 1536w, https:\/\/donfosscamping.no\/wp-content\/uploads\/2023\/08\/Frukost_a-scaled-e1691477582190-2048x1354.jpg 2048w, https:\/\/donfosscamping.no\/wp-content\/uploads\/2023\/08\/Frukost_a-scaled-e1691477582190-500x331.jpg 500w\" sizes=\"auto, (max-width: 1024px) 100vw, 1024px\" \/><\/figure><\/div>\n\n\n\n<div class=\"wp-block-media-text alignwide has-media-on-the-right is-stacked-on-mobile is-vertically-aligned-center has-background uag-hide-desktop uag-hide-tab uag-hide-mob\" style=\"background:linear-gradient(135deg,rgb(175,211,209) 0%,rgb(175,211,209) 100%);grid-template-columns:auto 44%\"><div class=\"wp-block-media-text__content\">\n<div class=\"wp-block-group\" style=\"padding-top:2em;padding-right:2em;padding-bottom:2em;padding-left:2em\"><div class=\"wp-block-group__inner-container is-layout-flow wp-block-group-is-layout-flow\">\n<h2 class=\"wp-block-heading\" style=\"font-size:48px;font-style:normal;font-weight:700;line-height:1.15\"><strong>FRESHLY BAKED BREAD EVERY MORNING<\/strong><\/h2>\n\n\n\n<p><\/p>\n\n\n\n<p class=\"has-black-color has-text-color has-link-color wp-elements-4dcec56b74ab9820f5f46167f29329cf\">Information will be published<\/p>\n<\/div><\/div>\n<\/div><figure class=\"wp-block-media-text__media\"><img loading=\"lazy\" decoding=\"async\" width=\"1024\" height=\"1024\" src=\"https:\/\/donfosscamping.no\/wp-content\/uploads\/2023\/03\/T9A1296-edited-1024x1024.jpg\" alt=\"Nybakt br\u00f8d hver morgen i hovedsesong.\" class=\"wp-image-568 size-full\" srcset=\"https:\/\/donfosscamping.no\/wp-content\/uploads\/2023\/03\/T9A1296-edited-1024x1024.jpg 1024w, https:\/\/donfosscamping.no\/wp-content\/uploads\/2023\/03\/T9A1296-edited-300x300.jpg 300w, https:\/\/donfosscamping.no\/wp-content\/uploads\/2023\/03\/T9A1296-edited-150x150.jpg 150w, https:\/\/donfosscamping.no\/wp-content\/uploads\/2023\/03\/T9A1296-edited-768x768.jpg 768w, https:\/\/donfosscamping.no\/wp-content\/uploads\/2023\/03\/T9A1296-edited-500x500.jpg 500w, https:\/\/donfosscamping.no\/wp-content\/uploads\/2023\/03\/T9A1296-edited-555x555.jpg 555w, https:\/\/donfosscamping.no\/wp-content\/uploads\/2023\/03\/T9A1296-edited-581x581.jpg 581w, https:\/\/donfosscamping.no\/wp-content\/uploads\/2023\/03\/T9A1296-edited.jpg 1334w\" sizes=\"auto, (max-width: 1024px) 100vw, 1024px\" \/><\/figure><\/div>\n","protected":false},"excerpt":{"rendered":"<p>RESTAURANT You can enjoy a delicious meal with stunning views of the swimming pool, the spectacular D\u00f8nfoss waterfall, and the &#8230;<\/p>\n","protected":false},"author":1,"featured_media":0,"parent":0,"menu_order":0,"comment_status":"closed","ping_status":"closed","template":"","meta":{"_acf_changed":false,"inline_featured_image":false,"_uag_custom_page_level_css":"","footnotes":""},"class_list":["post-1535","page","type-page","status-publish","hentry"],"acf":[],"yoast_head":"<!-- This site is optimized with the Yoast SEO plugin v27.3 - https:\/\/yoast.com\/product\/yoast-seo-wordpress\/ -->\n<title>Restaurant - D\u00f8nfoss Camping<\/title>\n<meta name=\"robots\" content=\"index, follow, max-snippet:-1, max-image-preview:large, max-video-preview:-1\" \/>\n<link rel=\"canonical\" href=\"https:\/\/donfosscamping.no\/en\/restaurant\/\" \/>\n<meta property=\"og:locale\" content=\"en_US\" \/>\n<meta property=\"og:type\" content=\"article\" \/>\n<meta property=\"og:title\" content=\"Restaurant - D\u00f8nfoss Camping\" \/>\n<meta property=\"og:description\" content=\"RESTAURANT You can enjoy a delicious meal with stunning views of the swimming pool, the spectacular D\u00f8nfoss waterfall, and the ...\" \/>\n<meta property=\"og:url\" content=\"https:\/\/donfosscamping.no\/en\/restaurant\/\" \/>\n<meta property=\"og:site_name\" content=\"D\u00f8nfoss Camping\" \/>\n<meta property=\"article:modified_time\" content=\"2026-04-23T05:54:36+00:00\" \/>\n<meta property=\"og:image\" content=\"https:\/\/donfosscamping.no\/wp-content\/uploads\/2023\/03\/T9A1336.jpg\" \/>\n\t<meta property=\"og:image:width\" content=\"2000\" \/>\n\t<meta property=\"og:image:height\" content=\"1334\" \/>\n\t<meta property=\"og:image:type\" content=\"image\/jpeg\" \/>\n<meta name=\"twitter:card\" content=\"summary_large_image\" \/>\n<meta name=\"twitter:label1\" content=\"Est. reading time\" \/>\n\t<meta name=\"twitter:data1\" content=\"4 minutes\" \/>\n<script type=\"application\/ld+json\" class=\"yoast-schema-graph\">{\"@context\":\"https:\\\/\\\/schema.org\",\"@graph\":[{\"@type\":\"WebPage\",\"@id\":\"https:\\\/\\\/donfosscamping.no\\\/en\\\/restaurant\\\/\",\"url\":\"https:\\\/\\\/donfosscamping.no\\\/en\\\/restaurant\\\/\",\"name\":\"Restaurant - D\u00f8nfoss Camping\",\"isPartOf\":{\"@id\":\"https:\\\/\\\/donfosscamping.no\\\/#website\"},\"primaryImageOfPage\":{\"@id\":\"https:\\\/\\\/donfosscamping.no\\\/en\\\/restaurant\\\/#primaryimage\"},\"image\":{\"@id\":\"https:\\\/\\\/donfosscamping.no\\\/en\\\/restaurant\\\/#primaryimage\"},\"thumbnailUrl\":\"https:\\\/\\\/donfosscamping.no\\\/wp-content\\\/uploads\\\/2023\\\/03\\\/T9A1336.jpg\",\"datePublished\":\"2023-02-06T14:31:17+00:00\",\"dateModified\":\"2026-04-23T05:54:36+00:00\",\"breadcrumb\":{\"@id\":\"https:\\\/\\\/donfosscamping.no\\\/en\\\/restaurant\\\/#breadcrumb\"},\"inLanguage\":\"en-US\",\"potentialAction\":[{\"@type\":\"ReadAction\",\"target\":[\"https:\\\/\\\/donfosscamping.no\\\/en\\\/restaurant\\\/\"]}]},{\"@type\":\"ImageObject\",\"inLanguage\":\"en-US\",\"@id\":\"https:\\\/\\\/donfosscamping.no\\\/en\\\/restaurant\\\/#primaryimage\",\"url\":\"https:\\\/\\\/donfosscamping.no\\\/wp-content\\\/uploads\\\/2023\\\/03\\\/T9A1336.jpg\",\"contentUrl\":\"https:\\\/\\\/donfosscamping.no\\\/wp-content\\\/uploads\\\/2023\\\/03\\\/T9A1336.jpg\"},{\"@type\":\"BreadcrumbList\",\"@id\":\"https:\\\/\\\/donfosscamping.no\\\/en\\\/restaurant\\\/#breadcrumb\",\"itemListElement\":[{\"@type\":\"ListItem\",\"position\":1,\"name\":\"Hjem\",\"item\":\"https:\\\/\\\/donfosscamping.no\\\/en\\\/\"},{\"@type\":\"ListItem\",\"position\":2,\"name\":\"Restaurant\"}]},{\"@type\":\"WebSite\",\"@id\":\"https:\\\/\\\/donfosscamping.no\\\/#website\",\"url\":\"https:\\\/\\\/donfosscamping.no\\\/\",\"name\":\"D\u00f8nfoss Camping\",\"description\":\"\",\"publisher\":{\"@id\":\"https:\\\/\\\/donfosscamping.no\\\/#organization\"},\"potentialAction\":[{\"@type\":\"SearchAction\",\"target\":{\"@type\":\"EntryPoint\",\"urlTemplate\":\"https:\\\/\\\/donfosscamping.no\\\/?s={search_term_string}\"},\"query-input\":{\"@type\":\"PropertyValueSpecification\",\"valueRequired\":true,\"valueName\":\"search_term_string\"}}],\"inLanguage\":\"en-US\"},{\"@type\":\"Organization\",\"@id\":\"https:\\\/\\\/donfosscamping.no\\\/#organization\",\"name\":\"D\u00f8nfoss Camping\",\"url\":\"https:\\\/\\\/donfosscamping.no\\\/\",\"logo\":{\"@type\":\"ImageObject\",\"inLanguage\":\"en-US\",\"@id\":\"https:\\\/\\\/donfosscamping.no\\\/#\\\/schema\\\/logo\\\/image\\\/\",\"url\":\"https:\\\/\\\/donfosscamping.no\\\/wp-content\\\/uploads\\\/2023\\\/02\\\/Donfoss-Camping-Logo_river.svg\",\"contentUrl\":\"https:\\\/\\\/donfosscamping.no\\\/wp-content\\\/uploads\\\/2023\\\/02\\\/Donfoss-Camping-Logo_river.svg\",\"caption\":\"D\u00f8nfoss Camping\"},\"image\":{\"@id\":\"https:\\\/\\\/donfosscamping.no\\\/#\\\/schema\\\/logo\\\/image\\\/\"}}]}<\/script>\n<!-- \/ Yoast SEO plugin. -->","yoast_head_json":{"title":"Restaurant - D\u00f8nfoss Camping","robots":{"index":"index","follow":"follow","max-snippet":"max-snippet:-1","max-image-preview":"max-image-preview:large","max-video-preview":"max-video-preview:-1"},"canonical":"https:\/\/donfosscamping.no\/en\/restaurant\/","og_locale":"en_US","og_type":"article","og_title":"Restaurant - D\u00f8nfoss Camping","og_description":"RESTAURANT You can enjoy a delicious meal with stunning views of the swimming pool, the spectacular D\u00f8nfoss waterfall, and the ...","og_url":"https:\/\/donfosscamping.no\/en\/restaurant\/","og_site_name":"D\u00f8nfoss Camping","article_modified_time":"2026-04-23T05:54:36+00:00","og_image":[{"width":2000,"height":1334,"url":"https:\/\/donfosscamping.no\/wp-content\/uploads\/2023\/03\/T9A1336.jpg","type":"image\/jpeg"}],"twitter_card":"summary_large_image","twitter_misc":{"Est. reading time":"4 minutes"},"schema":{"@context":"https:\/\/schema.org","@graph":[{"@type":"WebPage","@id":"https:\/\/donfosscamping.no\/en\/restaurant\/","url":"https:\/\/donfosscamping.no\/en\/restaurant\/","name":"Restaurant - D\u00f8nfoss Camping","isPartOf":{"@id":"https:\/\/donfosscamping.no\/#website"},"primaryImageOfPage":{"@id":"https:\/\/donfosscamping.no\/en\/restaurant\/#primaryimage"},"image":{"@id":"https:\/\/donfosscamping.no\/en\/restaurant\/#primaryimage"},"thumbnailUrl":"https:\/\/donfosscamping.no\/wp-content\/uploads\/2023\/03\/T9A1336.jpg","datePublished":"2023-02-06T14:31:17+00:00","dateModified":"2026-04-23T05:54:36+00:00","breadcrumb":{"@id":"https:\/\/donfosscamping.no\/en\/restaurant\/#breadcrumb"},"inLanguage":"en-US","potentialAction":[{"@type":"ReadAction","target":["https:\/\/donfosscamping.no\/en\/restaurant\/"]}]},{"@type":"ImageObject","inLanguage":"en-US","@id":"https:\/\/donfosscamping.no\/en\/restaurant\/#primaryimage","url":"https:\/\/donfosscamping.no\/wp-content\/uploads\/2023\/03\/T9A1336.jpg","contentUrl":"https:\/\/donfosscamping.no\/wp-content\/uploads\/2023\/03\/T9A1336.jpg"},{"@type":"BreadcrumbList","@id":"https:\/\/donfosscamping.no\/en\/restaurant\/#breadcrumb","itemListElement":[{"@type":"ListItem","position":1,"name":"Hjem","item":"https:\/\/donfosscamping.no\/en\/"},{"@type":"ListItem","position":2,"name":"Restaurant"}]},{"@type":"WebSite","@id":"https:\/\/donfosscamping.no\/#website","url":"https:\/\/donfosscamping.no\/","name":"D\u00f8nfoss Camping","description":"","publisher":{"@id":"https:\/\/donfosscamping.no\/#organization"},"potentialAction":[{"@type":"SearchAction","target":{"@type":"EntryPoint","urlTemplate":"https:\/\/donfosscamping.no\/?s={search_term_string}"},"query-input":{"@type":"PropertyValueSpecification","valueRequired":true,"valueName":"search_term_string"}}],"inLanguage":"en-US"},{"@type":"Organization","@id":"https:\/\/donfosscamping.no\/#organization","name":"D\u00f8nfoss Camping","url":"https:\/\/donfosscamping.no\/","logo":{"@type":"ImageObject","inLanguage":"en-US","@id":"https:\/\/donfosscamping.no\/#\/schema\/logo\/image\/","url":"https:\/\/donfosscamping.no\/wp-content\/uploads\/2023\/02\/Donfoss-Camping-Logo_river.svg","contentUrl":"https:\/\/donfosscamping.no\/wp-content\/uploads\/2023\/02\/Donfoss-Camping-Logo_river.svg","caption":"D\u00f8nfoss Camping"},"image":{"@id":"https:\/\/donfosscamping.no\/#\/schema\/logo\/image\/"}}]}},"uagb_featured_image_src":{"full":false,"thumbnail":false,"medium":false,"medium_large":false,"large":false,"1536x1536":false,"2048x2048":false,"logo":false,"main_banner":false,"main_banner_mobile":false,"header_image":false,"home_posts":false,"home_posts_square":false,"archive":false,"archive_square":false,"gform-image-choice-sm":false,"gform-image-choice-md":false,"gform-image-choice-lg":false},"uagb_author_info":{"display_name":"hausbyra","author_link":"https:\/\/donfosscamping.no\/en\/author\/hausbyra\/"},"uagb_comment_info":0,"uagb_excerpt":"RESTAURANT You can enjoy a delicious meal with stunning views of the swimming pool, the spectacular D\u00f8nfoss waterfall, and the ...","_links":{"self":[{"href":"https:\/\/donfosscamping.no\/en\/wp-json\/wp\/v2\/pages\/1535","targetHints":{"allow":["GET"]}}],"collection":[{"href":"https:\/\/donfosscamping.no\/en\/wp-json\/wp\/v2\/pages"}],"about":[{"href":"https:\/\/donfosscamping.no\/en\/wp-json\/wp\/v2\/types\/page"}],"author":[{"embeddable":true,"href":"https:\/\/donfosscamping.no\/en\/wp-json\/wp\/v2\/users\/1"}],"replies":[{"embeddable":true,"href":"https:\/\/donfosscamping.no\/en\/wp-json\/wp\/v2\/comments?post=1535"}],"version-history":[{"count":22,"href":"https:\/\/donfosscamping.no\/en\/wp-json\/wp\/v2\/pages\/1535\/revisions"}],"predecessor-version":[{"id":2406,"href":"https:\/\/donfosscamping.no\/en\/wp-json\/wp\/v2\/pages\/1535\/revisions\/2406"}],"wp:attachment":[{"href":"https:\/\/donfosscamping.no\/en\/wp-json\/wp\/v2\/media?parent=1535"}],"curies":[{"name":"wp","href":"https:\/\/api.w.org\/{rel}","templated":true}]}}